{"id":6364,"date":"2025-03-07T10:47:59","date_gmt":"2025-03-07T16:47:59","guid":{"rendered":"https:\/\/libreriahistoriasdebolsillo.com\/?post_type=product&#038;p=6364"},"modified":"2025-04-21T13:44:20","modified_gmt":"2025-04-21T19:44:20","slug":"bienvenidos-a-la-libreria-hyunam-dong","status":"publish","type":"product","link":"https:\/\/libreriahistoriasdebolsillo.com\/index.php\/producto\/bienvenidos-a-la-libreria-hyunam-dong\/","title":{"rendered":"Bienvenidos a la librer\u00eda Hyunam-Dong"},"content":{"rendered":"<p><strong>EL FEN\u00d3MENO COREANO QUE HA DADO LA VUELTA AL MUNDO.<\/strong><\/p>\n<p><strong>Una historia conmovedora sobre los momentos decisivos de la vida y de c\u00f3mo los libros pueden sanar heridas y cambiar a las personas.\u00a0<\/strong><\/p>\n<p>En un peque\u00f1o callej\u00f3n de un barrio tranquilo de Se\u00fal se encuentra la librer\u00eda Hyunam-dong. La due\u00f1a, Yeongju, ha pasado su vida haciendo lo que se esperaba de ella (estudiar, casarse y tener una carrera exitosa) hasta que, tras su divorcio y cansada de cumplir con las expectativas de otros, decide dejarlo todo atr\u00e1s para perseguir su sue\u00f1o de tener una librer\u00eda.<\/p>\n<p>A medida que lucha para que su negocio prospere, Yeongju tambi\u00e9n ir\u00e1 descubriendo facetas sobre s\u00ed misma que desconoc\u00eda. Gracias a ella, el local se transforma en un espacio acogedor en el que las almas heridas encuentran refugio, sanan y aprenden que nunca es tarde para cambiar y empezar de nuevo. Del barista solitario a la vendedora de caf\u00e9 infelizmente casada, todos han vivido decepciones en el pasado, pero cuando comienzan a sentirse c\u00f3modos y compartir sus historias, esperanzas y emociones, la librer\u00eda Hyunam-dong se convierte en un lugar para aprender a vivir plenamente.<\/p>\n","protected":false},"excerpt":{"rendered":"<p>Hwang Bo-Reum<\/p>\n<p>320 p\u00e1ginas<\/p>\n","protected":false},"featured_media":6365,"template":"","meta":{"_joinchat":[]},"product_brand":[],"product_cat":[78,33],"product_tag":[45],"class_list":{"0":"post-6364","1":"product","2":"type-product","3":"status-publish","4":"has-post-thumbnail","6":"product_cat-contemporanea","7":"product_cat-ficcion-general","8":"product_tag-planeta","10":"first","11":"outofstock","12":"shipping-taxable","13":"purchasable","14":"product-type-simple"},"_links":{"self":[{"href":"https:\/\/libreriahistoriasdebolsillo.com\/index.php\/wp-json\/wp\/v2\/product\/6364","targetHints":{"allow":["GET"]}}],"collection":[{"href":"https:\/\/libreriahistoriasdebolsillo.com\/index.php\/wp-json\/wp\/v2\/product"}],"about":[{"href":"https:\/\/libreriahistoriasdebolsillo.com\/index.php\/wp-json\/wp\/v2\/types\/product"}],"wp:featuredmedia":[{"embeddable":true,"href":"https:\/\/libreriahistoriasdebolsillo.com\/index.php\/wp-json\/wp\/v2\/media\/6365"}],"wp:attachment":[{"href":"https:\/\/libreriahistoriasdebolsillo.com\/index.php\/wp-json\/wp\/v2\/media?parent=6364"}],"wp:term":[{"taxonomy":"product_brand","embeddable":true,"href":"https:\/\/libreriahistoriasdebolsillo.com\/index.php\/wp-json\/wp\/v2\/product_brand?post=6364"},{"taxonomy":"product_cat","embeddable":true,"href":"https:\/\/libreriahistoriasdebolsillo.com\/index.php\/wp-json\/wp\/v2\/product_cat?post=6364"},{"taxonomy":"product_tag","embeddable":true,"href":"https:\/\/libreriahistoriasdebolsillo.com\/index.php\/wp-json\/wp\/v2\/product_tag?post=6364"}],"curies":[{"name":"wp","href":"https:\/\/api.w.org\/{rel}","templated":true}]}}