{"id":6368,"date":"2025-03-07T11:03:41","date_gmt":"2025-03-07T17:03:41","guid":{"rendered":"https:\/\/libreriahistoriasdebolsillo.com\/?post_type=product&#038;p=6368"},"modified":"2025-04-19T15:36:17","modified_gmt":"2025-04-19T21:36:17","slug":"la-casa-en-el-lago","status":"publish","type":"product","link":"https:\/\/libreriahistoriasdebolsillo.com\/index.php\/producto\/la-casa-en-el-lago\/","title":{"rendered":"La casa en el lago"},"content":{"rendered":"<p>Casey Fletcher, una c\u00e9lebre actriz que acaba de perder a su esposo en un tr\u00e1gico accidente, intenta escapar de su dolor y una racha de malas cr\u00edticas cuando decide refugiarse en la casa de su familia junto a un lago en Vermont. Equipada con un par de binoculares y varias botellas de licor, dedica su tiempo a observar a Tom y Katherine Royce, la atractiva pareja que vive en la casa al otro lado del lago. Parecen ser el matrimonio ideal: Tom, un rico empresario de tecnolog\u00eda, y Katherine, una hermosa ex modelo.<\/p>\n<p>Un d\u00eda en el lago, Casey salva milagrosamente a Katherine de ahogarse, y las dos comienzan a entablar una amistad. Pero cuanto m\u00e1s se conocen y m\u00e1s tiempo pasa Casey observ\u00e1ndolos, queda claro que el matrimonio no es tan armonioso y perfecto como parece. Cuando repentinamente Katherine desaparece, Casey no cree que haya regresado a Manhattan como sugieren sus publicaciones en redes sociales, presiente que algo turbio ha ocurrido y se obsesiona con tratar de descubrirlo. Adem\u00e1s, una serie de nuevas desapariciones la hacen sospechar que algo mucho m\u00e1s oscuro existe detr\u00e1s. Sin embargo, descubrir la verdad ser\u00e1 solo la antesala de un misterio mucho m\u00e1s espeluznante de lo que pudo haber imaginado.<\/p>\n","protected":false},"excerpt":{"rendered":"<p>Riley Sager<\/p>\n<p>464 p\u00e1ginas<\/p>\n","protected":false},"featured_media":6369,"template":"","meta":{"_joinchat":[]},"product_brand":[],"product_cat":[37],"product_tag":[45],"class_list":{"0":"post-6368","1":"product","2":"type-product","3":"status-publish","4":"has-post-thumbnail","6":"product_cat-misterio-y-thriller","7":"product_tag-planeta","9":"first","10":"outofstock","11":"shipping-taxable","12":"purchasable","13":"product-type-simple"},"_links":{"self":[{"href":"https:\/\/libreriahistoriasdebolsillo.com\/index.php\/wp-json\/wp\/v2\/product\/6368","targetHints":{"allow":["GET"]}}],"collection":[{"href":"https:\/\/libreriahistoriasdebolsillo.com\/index.php\/wp-json\/wp\/v2\/product"}],"about":[{"href":"https:\/\/libreriahistoriasdebolsillo.com\/index.php\/wp-json\/wp\/v2\/types\/product"}],"wp:featuredmedia":[{"embeddable":true,"href":"https:\/\/libreriahistoriasdebolsillo.com\/index.php\/wp-json\/wp\/v2\/media\/6369"}],"wp:attachment":[{"href":"https:\/\/libreriahistoriasdebolsillo.com\/index.php\/wp-json\/wp\/v2\/media?parent=6368"}],"wp:term":[{"taxonomy":"product_brand","embeddable":true,"href":"https:\/\/libreriahistoriasdebolsillo.com\/index.php\/wp-json\/wp\/v2\/product_brand?post=6368"},{"taxonomy":"product_cat","embeddable":true,"href":"https:\/\/libreriahistoriasdebolsillo.com\/index.php\/wp-json\/wp\/v2\/product_cat?post=6368"},{"taxonomy":"product_tag","embeddable":true,"href":"https:\/\/libreriahistoriasdebolsillo.com\/index.php\/wp-json\/wp\/v2\/product_tag?post=6368"}],"curies":[{"name":"wp","href":"https:\/\/api.w.org\/{rel}","templated":true}]}}