{"id":6372,"date":"2025-03-07T11:12:37","date_gmt":"2025-03-07T17:12:37","guid":{"rendered":"https:\/\/libreriahistoriasdebolsillo.com\/?post_type=product&#038;p=6372"},"modified":"2025-05-24T13:46:53","modified_gmt":"2025-05-24T19:46:53","slug":"twisted-1-twisted-love","status":"publish","type":"product","link":"https:\/\/libreriahistoriasdebolsillo.com\/index.php\/producto\/twisted-1-twisted-love\/","title":{"rendered":"Twisted 1. Twisted love"},"content":{"rendered":"<p>Alex Volkov vive asediado por una tragedia que lo ha perseguido toda su vida. Una vida sin tiempo para el amor. Pero el d\u00eda que se ve obligado a cuidar de la hermana de su mejor amigo, empieza a sentir algo. Una grieta. Algo que se derrite. Un fuego que podr\u00eda acabar con su mundo.<\/p>\n<p>Ava Chen vive atrapada en las pesadillas de su infancia, que la llevan a buscar la belleza y el amor incluso tras la helada fachada de alguien a quien no deber\u00eda desear. El mejor amigo de su hermano. Su vecino. El salvador en su ca\u00edda. La suya es una pasi\u00f3n que nunca debi\u00f3 nacer, pero que cuando sucede, desata los secretos que podr\u00edan destruirlos&#8230; A ellos y a todo lo que los rodea.<\/p>\n","protected":false},"excerpt":{"rendered":"<p>Ana Huang<\/p>\n<p>384 p\u00e1ginas<\/p>\n","protected":false},"featured_media":6373,"template":"","meta":{"_joinchat":[]},"product_brand":[],"product_cat":[53,35],"product_tag":[45],"class_list":{"0":"post-6372","1":"product","2":"type-product","3":"status-publish","4":"has-post-thumbnail","6":"product_cat-erotica","7":"product_cat-romantica","8":"product_tag-planeta","10":"first","11":"outofstock","12":"shipping-taxable","13":"purchasable","14":"product-type-simple"},"_links":{"self":[{"href":"https:\/\/libreriahistoriasdebolsillo.com\/index.php\/wp-json\/wp\/v2\/product\/6372","targetHints":{"allow":["GET"]}}],"collection":[{"href":"https:\/\/libreriahistoriasdebolsillo.com\/index.php\/wp-json\/wp\/v2\/product"}],"about":[{"href":"https:\/\/libreriahistoriasdebolsillo.com\/index.php\/wp-json\/wp\/v2\/types\/product"}],"wp:featuredmedia":[{"embeddable":true,"href":"https:\/\/libreriahistoriasdebolsillo.com\/index.php\/wp-json\/wp\/v2\/media\/6373"}],"wp:attachment":[{"href":"https:\/\/libreriahistoriasdebolsillo.com\/index.php\/wp-json\/wp\/v2\/media?parent=6372"}],"wp:term":[{"taxonomy":"product_brand","embeddable":true,"href":"https:\/\/libreriahistoriasdebolsillo.com\/index.php\/wp-json\/wp\/v2\/product_brand?post=6372"},{"taxonomy":"product_cat","embeddable":true,"href":"https:\/\/libreriahistoriasdebolsillo.com\/index.php\/wp-json\/wp\/v2\/product_cat?post=6372"},{"taxonomy":"product_tag","embeddable":true,"href":"https:\/\/libreriahistoriasdebolsillo.com\/index.php\/wp-json\/wp\/v2\/product_tag?post=6372"}],"curies":[{"name":"wp","href":"https:\/\/api.w.org\/{rel}","templated":true}]}}