{"id":6374,"date":"2025-03-07T11:14:45","date_gmt":"2025-03-07T17:14:45","guid":{"rendered":"https:\/\/libreriahistoriasdebolsillo.com\/?post_type=product&#038;p=6374"},"modified":"2025-08-09T13:18:19","modified_gmt":"2025-08-09T19:18:19","slug":"twisted-2-twisted-games","status":"publish","type":"product","link":"https:\/\/libreriahistoriasdebolsillo.com\/index.php\/producto\/twisted-2-twisted-games\/","title":{"rendered":"Twisted 2. Twisted games"},"content":{"rendered":"<p>Acomedido, melanc\u00f3lico y arrogante, Rhys Larsen es un guardaespaldas que solo tiene dos reglas: proteger a sus clientes a toda costa y no involucrarse emocionalmente.<br \/>\nY nunca hab\u00eda sentido la tentaci\u00f3n de romperlas, hasta que ella lleg\u00f3.<br \/>\nBridget von Ascheberg, una princesa obstinada como \u00e9l, esconde un fuego que convertir\u00e1 sus reglas en cenizas. Ella no es lo que esperaba, pero es todo lo que necesitaba.<br \/>\nPoco a poco, ella derribar\u00e1 sus muros hasta obligarlo a enfrentarse a una verdad que no puede seguir negando: jur\u00f3 protegerla, pero lo \u00fanico que desea es corromperla. Porque es suya.<\/p>\n<p>Su princesa.<br \/>\nSu fruto prohibido.<br \/>\nSu fantas\u00eda m\u00e1s depravada.<\/p>\n<p>De ascendencia real, decidida y atada con las cadenas del deber, la princesa Bridget sue\u00f1a con tener libertad para vivir y amar como ella decida.<br \/>\nSin embargo, cuando su hermano abdica se enfrenta, sin haberlo esperado, a la posibilidad de vivir un matrimonio sin amor, pero pol\u00edticamente conveniente, y a tener que sentarse en un trono que nunca dese\u00f3.<br \/>\nMientras navega sorteando las complejidades y traiciones de su nuevo papel, tambi\u00e9n debe aprender a esconder el deseo que siente por un hombre al que no puede amar.<\/p>\n<p>Su guardaespaldas.<br \/>\nSu protector.<br \/>\nSu perdici\u00f3n.<\/p>\n<p>Inesperado y prohibido, el suyo es un amor que puede destruir un reino\u2026 y acabar con ellos.<\/p>\n","protected":false},"excerpt":{"rendered":"<p>Ana Huang<\/p>\n<p>480 p\u00e1ginas<\/p>\n","protected":false},"featured_media":6375,"template":"","meta":{"_joinchat":[]},"product_brand":[],"product_cat":[53,35],"product_tag":[45],"class_list":{"0":"post-6374","1":"product","2":"type-product","3":"status-publish","4":"has-post-thumbnail","6":"product_cat-erotica","7":"product_cat-romantica","8":"product_tag-planeta","10":"first","11":"outofstock","12":"shipping-taxable","13":"purchasable","14":"product-type-simple"},"_links":{"self":[{"href":"https:\/\/libreriahistoriasdebolsillo.com\/index.php\/wp-json\/wp\/v2\/product\/6374","targetHints":{"allow":["GET"]}}],"collection":[{"href":"https:\/\/libreriahistoriasdebolsillo.com\/index.php\/wp-json\/wp\/v2\/product"}],"about":[{"href":"https:\/\/libreriahistoriasdebolsillo.com\/index.php\/wp-json\/wp\/v2\/types\/product"}],"wp:featuredmedia":[{"embeddable":true,"href":"https:\/\/libreriahistoriasdebolsillo.com\/index.php\/wp-json\/wp\/v2\/media\/6375"}],"wp:attachment":[{"href":"https:\/\/libreriahistoriasdebolsillo.com\/index.php\/wp-json\/wp\/v2\/media?parent=6374"}],"wp:term":[{"taxonomy":"product_brand","embeddable":true,"href":"https:\/\/libreriahistoriasdebolsillo.com\/index.php\/wp-json\/wp\/v2\/product_brand?post=6374"},{"taxonomy":"product_cat","embeddable":true,"href":"https:\/\/libreriahistoriasdebolsillo.com\/index.php\/wp-json\/wp\/v2\/product_cat?post=6374"},{"taxonomy":"product_tag","embeddable":true,"href":"https:\/\/libreriahistoriasdebolsillo.com\/index.php\/wp-json\/wp\/v2\/product_tag?post=6374"}],"curies":[{"name":"wp","href":"https:\/\/api.w.org\/{rel}","templated":true}]}}