{"id":6376,"date":"2025-03-07T11:16:48","date_gmt":"2025-03-07T17:16:48","guid":{"rendered":"https:\/\/libreriahistoriasdebolsillo.com\/?post_type=product&#038;p=6376"},"modified":"2025-09-18T16:57:10","modified_gmt":"2025-09-18T22:57:10","slug":"twisted-3-twisted-hate","status":"publish","type":"product","link":"https:\/\/libreriahistoriasdebolsillo.com\/index.php\/producto\/twisted-3-twisted-hate\/","title":{"rendered":"Twisted 3. Twisted hate"},"content":{"rendered":"<div class=\"frase-mkt\">\n<p><strong>Una nueva entrega de la serie m\u00e1s hot y m\u00e1s adictiva\u00a0de Tiktok<\/strong><\/p>\n<\/div>\n<p><strong>\u00c9l la odia&#8230; casi tanto como la desea.<\/strong><\/p>\n<p><strong>Josh Chen<\/strong>\u00a0es ambicioso, arrogante y ninguna mujer se le resiste. Ninguna excepto Jules Ambrose. La enemistad entre ellos es tan obvia como lo es el deseo que, desde que se conocen, no hace m\u00e1s que aumentar. Cuando la tensi\u00f3n por fin estalle, Josh propondr\u00e1 un trato imposible de rechazar: un acuerdo entre enemigos con derechos y tres sencillas reglas:<\/p>\n<p>Sin celos.<br \/>\nSin condiciones.<br \/>\nY, por supuesto, sin enamorarse.<\/p>\n<p>Extrovertida y ambiciosa, JULES AMBROSE ha dejado atr\u00e1s un pasado de desenfreno para enfocarse en un objetivo: convertirse en abogada. En este momento, lo \u00faltimo que necesita es iniciar una relaci\u00f3n con un hombre que es tan insufrible como atractivo. Pero con el paso del tiempo, se dar\u00e1 cuenta de que Josh es mucho m\u00e1s de lo que aparenta:<\/p>\n<p>El hermano de su mejor amiga. Su n\u00e9mesis. Y su \u00fanico refugio. Forman una pareja hecha en el infierno y, cuando los demonios de su pasado los alcancen, se enfrentar\u00e1n a verdades que podr\u00edan salvarlos\u2026 o destruirlos por completo.<\/p>\n","protected":false},"excerpt":{"rendered":"<p>Ana Huang<\/p>\n<p>640 p\u00e1ginas<\/p>\n","protected":false},"featured_media":6377,"template":"","meta":{"_joinchat":[]},"product_brand":[],"product_cat":[53,35],"product_tag":[45],"class_list":{"0":"post-6376","1":"product","2":"type-product","3":"status-publish","4":"has-post-thumbnail","6":"product_cat-erotica","7":"product_cat-romantica","8":"product_tag-planeta","10":"first","11":"outofstock","12":"shipping-taxable","13":"purchasable","14":"product-type-simple"},"_links":{"self":[{"href":"https:\/\/libreriahistoriasdebolsillo.com\/index.php\/wp-json\/wp\/v2\/product\/6376","targetHints":{"allow":["GET"]}}],"collection":[{"href":"https:\/\/libreriahistoriasdebolsillo.com\/index.php\/wp-json\/wp\/v2\/product"}],"about":[{"href":"https:\/\/libreriahistoriasdebolsillo.com\/index.php\/wp-json\/wp\/v2\/types\/product"}],"wp:featuredmedia":[{"embeddable":true,"href":"https:\/\/libreriahistoriasdebolsillo.com\/index.php\/wp-json\/wp\/v2\/media\/6377"}],"wp:attachment":[{"href":"https:\/\/libreriahistoriasdebolsillo.com\/index.php\/wp-json\/wp\/v2\/media?parent=6376"}],"wp:term":[{"taxonomy":"product_brand","embeddable":true,"href":"https:\/\/libreriahistoriasdebolsillo.com\/index.php\/wp-json\/wp\/v2\/product_brand?post=6376"},{"taxonomy":"product_cat","embeddable":true,"href":"https:\/\/libreriahistoriasdebolsillo.com\/index.php\/wp-json\/wp\/v2\/product_cat?post=6376"},{"taxonomy":"product_tag","embeddable":true,"href":"https:\/\/libreriahistoriasdebolsillo.com\/index.php\/wp-json\/wp\/v2\/product_tag?post=6376"}],"curies":[{"name":"wp","href":"https:\/\/api.w.org\/{rel}","templated":true}]}}