{"id":6378,"date":"2025-03-07T11:18:46","date_gmt":"2025-03-07T17:18:46","guid":{"rendered":"https:\/\/libreriahistoriasdebolsillo.com\/?post_type=product&#038;p=6378"},"modified":"2026-01-30T18:25:09","modified_gmt":"2026-01-31T00:25:09","slug":"twisted-4-twisted-lies","status":"publish","type":"product","link":"https:\/\/libreriahistoriasdebolsillo.com\/index.php\/producto\/twisted-4-twisted-lies\/","title":{"rendered":"Twisted 4. Twisted lies"},"content":{"rendered":"<div class=\"frase-mkt\">\n<p><strong>El har\u00e1 lo que sea para tenerla&#8230; incluso mentir<\/strong><\/p>\n<\/div>\n<p>Encantador, peligroso y lo suficientemente inteligente como para ocultarlo, a CHRISTIAN HARPER le resulta poco \u00fatil la moral y a\u00fan menos el amor, pero no puede negar la extra\u00f1a atracci\u00f3n que siente hacia la mujer que vive justo un piso debajo de \u00e9l. Ella es el \u00fanico rompecabezas que no puede resolver. Y cuando surge la oportunidad de tenerla cerca, rompe sus propias reglas para ofrecerle un trato imposible de rechazar. Todos tenemos un punto d\u00e9bil. Ella es el suyo.<\/p>\n<p>Su obsesi\u00f3n.<br \/>\nSu adicci\u00f3n.<br \/>\nSu \u00fanica excepci\u00f3n.<\/p>\n<p>Dulce, t\u00edmida e introvertida a pesar de su fama en las redes sociales, STELLA ALONSO protege con cautela su coraz\u00f3n. Entre sus dos trabajos, tiene poco tiempo y ning\u00fan deseo de iniciar una relaci\u00f3n. Pero cuando una amenaza de su pasado la lleva a los brazos (y a la casa) del hombre m\u00e1s peligroso que jam\u00e1s haya conocido, caer\u00e1 en la tentaci\u00f3n de permitirse sentir algo por primera vez en mucho tiempo. Porque \u00e9l la hace sentir completa cuando est\u00e1n juntos.<\/p>\n<p>Apasionada.<br \/>\nProtegida.<br \/>\nAnhelada.<\/p>\n","protected":false},"excerpt":{"rendered":"<p>Ana Huang<\/p>\n<p>672 p\u00e1ginas<\/p>\n","protected":false},"featured_media":6379,"template":"","meta":{"_joinchat":[]},"product_brand":[],"product_cat":[53,35],"product_tag":[45],"class_list":{"0":"post-6378","1":"product","2":"type-product","3":"status-publish","4":"has-post-thumbnail","6":"product_cat-erotica","7":"product_cat-romantica","8":"product_tag-planeta","10":"first","11":"outofstock","12":"shipping-taxable","13":"purchasable","14":"product-type-simple"},"_links":{"self":[{"href":"https:\/\/libreriahistoriasdebolsillo.com\/index.php\/wp-json\/wp\/v2\/product\/6378","targetHints":{"allow":["GET"]}}],"collection":[{"href":"https:\/\/libreriahistoriasdebolsillo.com\/index.php\/wp-json\/wp\/v2\/product"}],"about":[{"href":"https:\/\/libreriahistoriasdebolsillo.com\/index.php\/wp-json\/wp\/v2\/types\/product"}],"wp:featuredmedia":[{"embeddable":true,"href":"https:\/\/libreriahistoriasdebolsillo.com\/index.php\/wp-json\/wp\/v2\/media\/6379"}],"wp:attachment":[{"href":"https:\/\/libreriahistoriasdebolsillo.com\/index.php\/wp-json\/wp\/v2\/media?parent=6378"}],"wp:term":[{"taxonomy":"product_brand","embeddable":true,"href":"https:\/\/libreriahistoriasdebolsillo.com\/index.php\/wp-json\/wp\/v2\/product_brand?post=6378"},{"taxonomy":"product_cat","embeddable":true,"href":"https:\/\/libreriahistoriasdebolsillo.com\/index.php\/wp-json\/wp\/v2\/product_cat?post=6378"},{"taxonomy":"product_tag","embeddable":true,"href":"https:\/\/libreriahistoriasdebolsillo.com\/index.php\/wp-json\/wp\/v2\/product_tag?post=6378"}],"curies":[{"name":"wp","href":"https:\/\/api.w.org\/{rel}","templated":true}]}}