{"id":6386,"date":"2025-03-07T11:33:19","date_gmt":"2025-03-07T17:33:19","guid":{"rendered":"https:\/\/libreriahistoriasdebolsillo.com\/?post_type=product&#038;p=6386"},"modified":"2025-03-20T11:38:14","modified_gmt":"2025-03-20T17:38:14","slug":"out","status":"publish","type":"product","link":"https:\/\/libreriahistoriasdebolsillo.com\/index.php\/producto\/out\/","title":{"rendered":"Out"},"content":{"rendered":"<div class=\"frase-mkt\">\n<p><strong>La reina japonesa del crimen.<\/strong><\/p>\n<p><strong>El lado oscuro de Jap\u00f3n te dejar\u00e1 sin aliento.<\/strong><\/p>\n<p>&nbsp;<\/p>\n<\/div>\n<p>Masako, Kuniko, Yoshie y Yayoi trabajan en el turno nocturno de una f\u00e1brica de comida preparada de los suburbios de Tokio. Todas tienen graves problemas tanto de dinero como familiares (maridos infieles, suegras discapacitadas o hijos imposibles) y se desenvuelven en una atm\u00f3sfera hostil e inh\u00f3spita. Una noche, Yayoi estrangula a su marido, Kenji, cansada de sus continuas agresiones f\u00edsicas. Masako, Kuniko y Yoshie la ayudar\u00e1n a deshacerse del cuerpo. La polic\u00eda recela de ellas, pero no dispone de pruebas que las incriminen. En cambio, en su lista de sospechosos se halla Satake, el due\u00f1o de un casino y un bar de alterne que Kenji frecuentaba. Mientras tanto, un prestamista vinculado a la yakuza las descubre y chantajea a las mujeres para que se ocupen de otros cad\u00e1veres.<\/p>\n","protected":false},"excerpt":{"rendered":"<p>Natsuo Kirino<\/p>\n<p>576 p\u00e1ginas<\/p>\n","protected":false},"featured_media":6387,"template":"","meta":{"_joinchat":[]},"product_brand":[],"product_cat":[37],"product_tag":[45],"class_list":{"0":"post-6386","1":"product","2":"type-product","3":"status-publish","4":"has-post-thumbnail","6":"product_cat-misterio-y-thriller","7":"product_tag-planeta","9":"first","10":"instock","11":"shipping-taxable","12":"purchasable","13":"product-type-simple"},"_links":{"self":[{"href":"https:\/\/libreriahistoriasdebolsillo.com\/index.php\/wp-json\/wp\/v2\/product\/6386","targetHints":{"allow":["GET"]}}],"collection":[{"href":"https:\/\/libreriahistoriasdebolsillo.com\/index.php\/wp-json\/wp\/v2\/product"}],"about":[{"href":"https:\/\/libreriahistoriasdebolsillo.com\/index.php\/wp-json\/wp\/v2\/types\/product"}],"wp:featuredmedia":[{"embeddable":true,"href":"https:\/\/libreriahistoriasdebolsillo.com\/index.php\/wp-json\/wp\/v2\/media\/6387"}],"wp:attachment":[{"href":"https:\/\/libreriahistoriasdebolsillo.com\/index.php\/wp-json\/wp\/v2\/media?parent=6386"}],"wp:term":[{"taxonomy":"product_brand","embeddable":true,"href":"https:\/\/libreriahistoriasdebolsillo.com\/index.php\/wp-json\/wp\/v2\/product_brand?post=6386"},{"taxonomy":"product_cat","embeddable":true,"href":"https:\/\/libreriahistoriasdebolsillo.com\/index.php\/wp-json\/wp\/v2\/product_cat?post=6386"},{"taxonomy":"product_tag","embeddable":true,"href":"https:\/\/libreriahistoriasdebolsillo.com\/index.php\/wp-json\/wp\/v2\/product_tag?post=6386"}],"curies":[{"name":"wp","href":"https:\/\/api.w.org\/{rel}","templated":true}]}}