{"id":6388,"date":"2025-03-07T11:36:04","date_gmt":"2025-03-07T17:36:04","guid":{"rendered":"https:\/\/libreriahistoriasdebolsillo.com\/?post_type=product&#038;p=6388"},"modified":"2025-09-25T22:38:56","modified_gmt":"2025-09-26T04:38:56","slug":"aqui-todos-somos-buena-gente","status":"publish","type":"product","link":"https:\/\/libreriahistoriasdebolsillo.com\/index.php\/producto\/aqui-todos-somos-buena-gente\/","title":{"rendered":"Aqu\u00ed todos somos buena gente"},"content":{"rendered":"<div class=\"frase-mkt\">\n<p><strong>El\u00a0<em>thriller<\/em>\u00a0basado en hechos reales que arrasa en Estados Unidos.<\/strong><\/p>\n<p><strong>M\u00e1s de 800.000 ejemplares vendidos y N\u00ba<\/strong><strong>1 en\u00a0<em>The New York Times.<\/em><\/strong><\/p>\n<\/div>\n<p><strong>Un caso sin resolver.\u00a0Una obsesi\u00f3n peligrosa.\u00a0Un pueblo lleno de secretos.\u00a0<\/strong><\/p>\n<p>Margot Davies, desde ni\u00f1a, ha vivido atormentada por el caso de la peque\u00f1a January, una amiga de la infancia cuyo asesinato nunca fue resuelto. Veinte a\u00f1os despu\u00e9s, convertida en periodista, se ve obligada a volver a su pueblo natal, un lugar opresivo del que siempre quiso huir, para cuidar de su t\u00edo enfermo. Poco despu\u00e9s de su regreso, otra ni\u00f1a desaparece en circunstancias similares a las de January, y Margot deber\u00e1 cubrir el caso para su peri\u00f3dico.<\/p>\n<p>Sin embargo, obsesionada por los fantasmas del ayer, decide investigar ambos casos en paralelo, enfrent\u00e1ndose a una comunidad que no quiere remover el pasado. Cuanto m\u00e1s profundiza en su investigaci\u00f3n, m\u00e1s resistencia encuentra y m\u00e1s lejos se siente de la verdad. \u00bfEst\u00e1 su obsesi\u00f3n llev\u00e1ndola a cometer errores en su trabajo, o est\u00e1 realmente tras la pista de un asesino? \u00bfQu\u00e9 riesgos corre al desenterrar secretos ocultos durante m\u00e1s de dos d\u00e9cadas?<\/p>\n<p><strong>Inspirada en un caso real, Aqu\u00ed todos somos buena gente es un thriller inquietante y lleno de tensi\u00f3n que plantea la perturbadora pregunta: \u00bfde qu\u00e9 son capaces nuestros vecinos cuando piensan que nadie los observa?<\/strong><\/p>\n","protected":false},"excerpt":{"rendered":"<p>Ashley Flowers<\/p>\n<p>416 p\u00e1ginas<\/p>\n","protected":false},"featured_media":6389,"template":"","meta":{"_joinchat":[]},"product_brand":[],"product_cat":[37,70],"product_tag":[45],"class_list":{"0":"post-6388","1":"product","2":"type-product","3":"status-publish","4":"has-post-thumbnail","6":"product_cat-misterio-y-thriller","7":"product_cat-novedades","8":"product_tag-planeta","10":"first","11":"outofstock","12":"shipping-taxable","13":"purchasable","14":"product-type-simple"},"_links":{"self":[{"href":"https:\/\/libreriahistoriasdebolsillo.com\/index.php\/wp-json\/wp\/v2\/product\/6388","targetHints":{"allow":["GET"]}}],"collection":[{"href":"https:\/\/libreriahistoriasdebolsillo.com\/index.php\/wp-json\/wp\/v2\/product"}],"about":[{"href":"https:\/\/libreriahistoriasdebolsillo.com\/index.php\/wp-json\/wp\/v2\/types\/product"}],"wp:featuredmedia":[{"embeddable":true,"href":"https:\/\/libreriahistoriasdebolsillo.com\/index.php\/wp-json\/wp\/v2\/media\/6389"}],"wp:attachment":[{"href":"https:\/\/libreriahistoriasdebolsillo.com\/index.php\/wp-json\/wp\/v2\/media?parent=6388"}],"wp:term":[{"taxonomy":"product_brand","embeddable":true,"href":"https:\/\/libreriahistoriasdebolsillo.com\/index.php\/wp-json\/wp\/v2\/product_brand?post=6388"},{"taxonomy":"product_cat","embeddable":true,"href":"https:\/\/libreriahistoriasdebolsillo.com\/index.php\/wp-json\/wp\/v2\/product_cat?post=6388"},{"taxonomy":"product_tag","embeddable":true,"href":"https:\/\/libreriahistoriasdebolsillo.com\/index.php\/wp-json\/wp\/v2\/product_tag?post=6388"}],"curies":[{"name":"wp","href":"https:\/\/api.w.org\/{rel}","templated":true}]}}