{"id":6390,"date":"2025-03-07T11:38:29","date_gmt":"2025-03-07T17:38:29","guid":{"rendered":"https:\/\/libreriahistoriasdebolsillo.com\/?post_type=product&#038;p=6390"},"modified":"2025-03-20T11:38:05","modified_gmt":"2025-03-20T17:38:05","slug":"cierra-todas-las-puertas","status":"publish","type":"product","link":"https:\/\/libreriahistoriasdebolsillo.com\/index.php\/producto\/cierra-todas-las-puertas\/","title":{"rendered":"Cierra todas las puertas"},"content":{"rendered":"<p>Est\u00e1n prohibidas las visitas. No se puede pasar una noche fuera del departamento. Y por ning\u00fan motivo se debe molestar a los inquilinos, en su mayor\u00eda gente rica o famosa, o ambas\u2026 Esas son las \u00fanicas reglas que Jules Larsen debe seguir en su nuevo trabajo como cuidadora de departamento en el Bartholomew, uno de los edificios m\u00e1s lujosos y misteriosos de todo Manhattan. El glamur del vecindario y la portentosa vista de Central Park cautivan a Jules, quien acepta los t\u00e9rminos sin dudarlo.<\/p>\n<p>Entre los residentes del Bartholomew, Jules se hace amiga de Ingrid, una cuidadora de departamento como ella, quien no tarda en revelarle sus sospechas de que ese edificio no es lo que parece: dentro de sus paredes ocurrieron suicidios, accidentes inexplicables, decenas de sirvientes murieron por una epidemia de gripe espa\u00f1ola e incluso se dice que hubo asesinatos violentos supuestamente relacionados con una secta sat\u00e1nica. Jules minimiza sus miedos asegurando que no son m\u00e1s que inofensivas historias de fantasmas\u2026 Hasta que al d\u00eda siguiente, Ingrid desaparece y Jules se sumerge en el s\u00f3rdido pasado del Bartholomew, pero tambi\u00e9n en su aterrador presente, para descubrir lo que ocurri\u00f3 con su amiga y escapar antes de que su estatus de residente temporal se convierta en permanente.<\/p>\n","protected":false},"excerpt":{"rendered":"<p>Riley Sager<\/p>\n<p>496 p\u00e1ginas<\/p>\n","protected":false},"featured_media":6391,"template":"","meta":{"_joinchat":[]},"product_brand":[],"product_cat":[37],"product_tag":[45],"class_list":{"0":"post-6390","1":"product","2":"type-product","3":"status-publish","4":"has-post-thumbnail","6":"product_cat-misterio-y-thriller","7":"product_tag-planeta","9":"first","10":"instock","11":"shipping-taxable","12":"purchasable","13":"product-type-simple"},"_links":{"self":[{"href":"https:\/\/libreriahistoriasdebolsillo.com\/index.php\/wp-json\/wp\/v2\/product\/6390","targetHints":{"allow":["GET"]}}],"collection":[{"href":"https:\/\/libreriahistoriasdebolsillo.com\/index.php\/wp-json\/wp\/v2\/product"}],"about":[{"href":"https:\/\/libreriahistoriasdebolsillo.com\/index.php\/wp-json\/wp\/v2\/types\/product"}],"wp:featuredmedia":[{"embeddable":true,"href":"https:\/\/libreriahistoriasdebolsillo.com\/index.php\/wp-json\/wp\/v2\/media\/6391"}],"wp:attachment":[{"href":"https:\/\/libreriahistoriasdebolsillo.com\/index.php\/wp-json\/wp\/v2\/media?parent=6390"}],"wp:term":[{"taxonomy":"product_brand","embeddable":true,"href":"https:\/\/libreriahistoriasdebolsillo.com\/index.php\/wp-json\/wp\/v2\/product_brand?post=6390"},{"taxonomy":"product_cat","embeddable":true,"href":"https:\/\/libreriahistoriasdebolsillo.com\/index.php\/wp-json\/wp\/v2\/product_cat?post=6390"},{"taxonomy":"product_tag","embeddable":true,"href":"https:\/\/libreriahistoriasdebolsillo.com\/index.php\/wp-json\/wp\/v2\/product_tag?post=6390"}],"curies":[{"name":"wp","href":"https:\/\/api.w.org\/{rel}","templated":true}]}}