{"id":6394,"date":"2025-03-07T11:45:39","date_gmt":"2025-03-07T17:45:39","guid":{"rendered":"https:\/\/libreriahistoriasdebolsillo.com\/?post_type=product&#038;p=6394"},"modified":"2025-03-20T11:37:50","modified_gmt":"2025-03-20T17:37:50","slug":"una-sombra-de-sospecha","status":"publish","type":"product","link":"https:\/\/libreriahistoriasdebolsillo.com\/index.php\/producto\/una-sombra-de-sospecha\/","title":{"rendered":"Una sombra de sospecha"},"content":{"rendered":"<div class=\"frase-mkt\">\n<p><strong>Hipn\u00f3tico. Brillante. Un thriller psicol\u00f3gico que explora el lado m\u00e1s oscuro de los lazos familiares<\/strong><\/p>\n<\/div>\n<p>La noticia de una tragedia hace a\u00f1icos la tranquila vida de Gil como profesor de Escritura Creativa en un peque\u00f1o pueblo de Vermont. Su hermana y su cu\u00f1ado han muerto en un violento accidente de tr\u00e1fico y \u00e9l se ve obligado a adoptar a su sobrino Matthew, un joven en apariencia encantador y dulce, aunque no parece estar afectado por la muerte de sus padres.<\/p>\n<p>Lo que en un inicio es un acto de amor, pronto se convertir\u00e1 en la peor pesadilla para Gil y su familia: cuando Matthew se inscribe en las clases de escritura de su t\u00edo y los relatos que entrega describen brutales escenas donde su nueva familia muere, todo parece salirse de control. Antes de que la ficci\u00f3n supere a la realidad, Gil decide buscar ayuda con la polic\u00eda, pero \u00bfqu\u00e9 peligro puede entra\u00f1ar la imaginaci\u00f3n de un adolescente muy talentoso?<\/p>\n","protected":false},"excerpt":{"rendered":"<p>Nathan Oates<\/p>\n<p>416 p\u00e1ginas<\/p>\n","protected":false},"featured_media":6395,"template":"","meta":{"_joinchat":[]},"product_brand":[],"product_cat":[37],"product_tag":[45],"class_list":{"0":"post-6394","1":"product","2":"type-product","3":"status-publish","4":"has-post-thumbnail","6":"product_cat-misterio-y-thriller","7":"product_tag-planeta","9":"first","10":"instock","11":"shipping-taxable","12":"purchasable","13":"product-type-simple"},"_links":{"self":[{"href":"https:\/\/libreriahistoriasdebolsillo.com\/index.php\/wp-json\/wp\/v2\/product\/6394","targetHints":{"allow":["GET"]}}],"collection":[{"href":"https:\/\/libreriahistoriasdebolsillo.com\/index.php\/wp-json\/wp\/v2\/product"}],"about":[{"href":"https:\/\/libreriahistoriasdebolsillo.com\/index.php\/wp-json\/wp\/v2\/types\/product"}],"wp:featuredmedia":[{"embeddable":true,"href":"https:\/\/libreriahistoriasdebolsillo.com\/index.php\/wp-json\/wp\/v2\/media\/6395"}],"wp:attachment":[{"href":"https:\/\/libreriahistoriasdebolsillo.com\/index.php\/wp-json\/wp\/v2\/media?parent=6394"}],"wp:term":[{"taxonomy":"product_brand","embeddable":true,"href":"https:\/\/libreriahistoriasdebolsillo.com\/index.php\/wp-json\/wp\/v2\/product_brand?post=6394"},{"taxonomy":"product_cat","embeddable":true,"href":"https:\/\/libreriahistoriasdebolsillo.com\/index.php\/wp-json\/wp\/v2\/product_cat?post=6394"},{"taxonomy":"product_tag","embeddable":true,"href":"https:\/\/libreriahistoriasdebolsillo.com\/index.php\/wp-json\/wp\/v2\/product_tag?post=6394"}],"curies":[{"name":"wp","href":"https:\/\/api.w.org\/{rel}","templated":true}]}}