{"id":6396,"date":"2025-03-07T11:47:47","date_gmt":"2025-03-07T17:47:47","guid":{"rendered":"https:\/\/libreriahistoriasdebolsillo.com\/?post_type=product&#038;p=6396"},"modified":"2025-03-20T11:37:45","modified_gmt":"2025-03-20T17:37:45","slug":"el-ano-de-la-langosta","status":"publish","type":"product","link":"https:\/\/libreriahistoriasdebolsillo.com\/index.php\/producto\/el-ano-de-la-langosta\/","title":{"rendered":"El a\u00f1o de la langosta"},"content":{"rendered":"<div class=\"frase-mkt\">\n<p><strong><em>El a\u00f1o de la langosta<\/em>\u00a0es la obra de un gran observador de la realidad pol\u00edtica que domina perfectamente la acci\u00f3n m\u00e1s trepidante.<\/strong><\/p>\n<\/div>\n<p>Si, como Kane, eres un esp\u00eda de la CIA en una Zona de Acceso Restringido, los l\u00edmites no significan nada para ti. Tu misi\u00f3n es entrar, hacer lo que sea necesario y salir de nuevo, cueste lo que cueste. Sabes cu\u00e1ndo correr, cu\u00e1ndo esconderte y cu\u00e1ndo disparar. Pero algunos lugares no siguen ninguna regla. Algunos lugares son demasiado peligrosos, incluso para un hombre con la experiencia de Kane. Las tierras bald\u00edas donde se unen las fronteras de Pakist\u00e1n, Ir\u00e1n y Afganist\u00e1n son uno de esos territorios en los que la violencia es la \u00fanica forma de sobrevivir. Kane viaja all\u00ed para buscar a un hombre con informaci\u00f3n vital para la seguridad de Occidente, pero se encuentra con un adversario que pretende llevar al mundo al borde de la extinci\u00f3n. Un hombre aterrador, inteligente y cruel, con sangre en las manos y venganza en el coraz\u00f3n\u2026<\/p>\n<p>Un\u00a0<em>thriller<\/em>\u00a0geopol\u00edtico impecable, adictivo y altamente cinematogr\u00e1fico que transporta al lector de Washington a Ir\u00e1n, pasando por Rusia o Nueva York, en un incre\u00edble viaje alrededor del mundo. Una novela imponente que ha fascinado a cientos de miles de lectores en todo el mundo.<\/p>\n","protected":false},"excerpt":{"rendered":"<p>Terry Hayes<\/p>\n<p>848 p\u00e1ginas<\/p>\n","protected":false},"featured_media":6397,"template":"","meta":{"_joinchat":[]},"product_brand":[],"product_cat":[37],"product_tag":[45],"class_list":{"0":"post-6396","1":"product","2":"type-product","3":"status-publish","4":"has-post-thumbnail","6":"product_cat-misterio-y-thriller","7":"product_tag-planeta","9":"first","10":"instock","11":"shipping-taxable","12":"purchasable","13":"product-type-simple"},"_links":{"self":[{"href":"https:\/\/libreriahistoriasdebolsillo.com\/index.php\/wp-json\/wp\/v2\/product\/6396","targetHints":{"allow":["GET"]}}],"collection":[{"href":"https:\/\/libreriahistoriasdebolsillo.com\/index.php\/wp-json\/wp\/v2\/product"}],"about":[{"href":"https:\/\/libreriahistoriasdebolsillo.com\/index.php\/wp-json\/wp\/v2\/types\/product"}],"wp:featuredmedia":[{"embeddable":true,"href":"https:\/\/libreriahistoriasdebolsillo.com\/index.php\/wp-json\/wp\/v2\/media\/6397"}],"wp:attachment":[{"href":"https:\/\/libreriahistoriasdebolsillo.com\/index.php\/wp-json\/wp\/v2\/media?parent=6396"}],"wp:term":[{"taxonomy":"product_brand","embeddable":true,"href":"https:\/\/libreriahistoriasdebolsillo.com\/index.php\/wp-json\/wp\/v2\/product_brand?post=6396"},{"taxonomy":"product_cat","embeddable":true,"href":"https:\/\/libreriahistoriasdebolsillo.com\/index.php\/wp-json\/wp\/v2\/product_cat?post=6396"},{"taxonomy":"product_tag","embeddable":true,"href":"https:\/\/libreriahistoriasdebolsillo.com\/index.php\/wp-json\/wp\/v2\/product_tag?post=6396"}],"curies":[{"name":"wp","href":"https:\/\/api.w.org\/{rel}","templated":true}]}}