{"id":6398,"date":"2025-03-07T11:50:33","date_gmt":"2025-03-07T17:50:33","guid":{"rendered":"https:\/\/libreriahistoriasdebolsillo.com\/?post_type=product&#038;p=6398"},"modified":"2026-03-23T13:09:34","modified_gmt":"2026-03-23T19:09:34","slug":"de-tanto-amarte-me-olvide-de-mi","status":"publish","type":"product","link":"https:\/\/libreriahistoriasdebolsillo.com\/index.php\/producto\/de-tanto-amarte-me-olvide-de-mi\/","title":{"rendered":"De tanto amarte, me olvid\u00e9 de m\u00ed"},"content":{"rendered":"<p><strong>\u00bfAmas a la persona adecuada? Walter Riso, el experto en amor y relaciones, nos propone una nueva gu\u00eda para descubrirlo.<\/strong><\/p>\n<p>\u00bfTe ha pasado que de tanto amar te olvidas de tus sue\u00f1os, tu proyecto de vida, tus valores y tus sentimientos m\u00e1s profundos? Estamos acostumbrados a dar en exceso y recibir muy poco o nada en nuestras relaciones de pareja, y lo peor de todo es que lo normalizamos. Nos resignamos a una relaci\u00f3n desequilibrada por la creencia de que el verdadero amor no espera nada a cambio, como si la ecuaci\u00f3n amorosa solo tuviera un integrante. Para Walter Riso, esto no debe ser as\u00ed. Un amor saludable fluye, va y viene, uno siente y ve el efecto del otro, y viceversa. Quiz\u00e1 luego de leer este libro, tu visi\u00f3n del amor se vea cuestionada y jam\u00e1s vuelva a ser la misma; sin embargo, habr\u00e1s aprendido que el amor saludable y funcional requiere de un principio imprescindible:<\/p>\n<p><strong>NECESITO QUERERME PARA QUERERTE.<\/strong><\/p>\n","protected":false},"excerpt":{"rendered":"<p>Walter Riso<\/p>\n<p>144 p\u00e1ginas<\/p>\n","protected":false},"featured_media":6399,"template":"","meta":{"_joinchat":[]},"product_brand":[],"product_cat":[58],"product_tag":[45],"class_list":{"0":"post-6398","1":"product","2":"type-product","3":"status-publish","4":"has-post-thumbnail","6":"product_cat-desarrollo-humano-y-superacion","7":"product_tag-planeta","9":"first","10":"instock","11":"shipping-taxable","12":"purchasable","13":"product-type-simple"},"_links":{"self":[{"href":"https:\/\/libreriahistoriasdebolsillo.com\/index.php\/wp-json\/wp\/v2\/product\/6398","targetHints":{"allow":["GET"]}}],"collection":[{"href":"https:\/\/libreriahistoriasdebolsillo.com\/index.php\/wp-json\/wp\/v2\/product"}],"about":[{"href":"https:\/\/libreriahistoriasdebolsillo.com\/index.php\/wp-json\/wp\/v2\/types\/product"}],"wp:featuredmedia":[{"embeddable":true,"href":"https:\/\/libreriahistoriasdebolsillo.com\/index.php\/wp-json\/wp\/v2\/media\/6399"}],"wp:attachment":[{"href":"https:\/\/libreriahistoriasdebolsillo.com\/index.php\/wp-json\/wp\/v2\/media?parent=6398"}],"wp:term":[{"taxonomy":"product_brand","embeddable":true,"href":"https:\/\/libreriahistoriasdebolsillo.com\/index.php\/wp-json\/wp\/v2\/product_brand?post=6398"},{"taxonomy":"product_cat","embeddable":true,"href":"https:\/\/libreriahistoriasdebolsillo.com\/index.php\/wp-json\/wp\/v2\/product_cat?post=6398"},{"taxonomy":"product_tag","embeddable":true,"href":"https:\/\/libreriahistoriasdebolsillo.com\/index.php\/wp-json\/wp\/v2\/product_tag?post=6398"}],"curies":[{"name":"wp","href":"https:\/\/api.w.org\/{rel}","templated":true}]}}