{"id":6409,"date":"2025-03-11T12:55:17","date_gmt":"2025-03-11T18:55:17","guid":{"rendered":"https:\/\/libreriahistoriasdebolsillo.com\/?post_type=product&#038;p=6409"},"modified":"2025-12-06T18:12:16","modified_gmt":"2025-12-07T00:12:16","slug":"restart","status":"publish","type":"product","link":"https:\/\/libreriahistoriasdebolsillo.com\/index.php\/producto\/restart\/","title":{"rendered":"Restart"},"content":{"rendered":"<p>\u00abLA MEMORIA DE CHASE HA DESAPARECIDO POR COMPLETO.<\/p>\n<p>No recuerda haberse ca\u00eddo del techo ni el golpe en la cabeza. De hecho, no recuerda nada. Al despertar en una cama de hospital, Chase se enfrenta a la abrumadora tarea de redescubrir toda su vida, empezando por su propio nombre. \u00bfQui\u00e9n es Chase Ambrose? Volver a la escuela solo aumenta el misterio, ya que sus compa\u00f1eros lo reciben con reacciones muy diferentes. Algunos lo ven como un h\u00e9roe. Otros le tienen miedo. Unos m\u00e1s claramente lo desprecian. En especial una chica, quien no duda en demostrar su odio hacia \u00e9l cada vez que lo ve. Mientras Chase intenta juntar las piezas de su pasado, se da cuenta de que la gran pregunta no es solo qui\u00e9n es ahora, sino qui\u00e9n fue antes&#8230; y qui\u00e9n quiere llegar a ser\u00bb<\/p>\n","protected":false},"excerpt":{"rendered":"<p>Gordon Korman<\/p>\n<p>248 p\u00e1ginas<\/p>\n","protected":false},"featured_media":6410,"template":"","meta":{"_joinchat":[]},"product_brand":[],"product_cat":[52,70],"product_tag":[48],"class_list":{"0":"post-6409","1":"product","2":"type-product","3":"status-publish","4":"has-post-thumbnail","6":"product_cat-juvenil","7":"product_cat-novedades","8":"product_tag-vr-editoras","10":"first","11":"instock","12":"shipping-taxable","13":"purchasable","14":"product-type-simple"},"_links":{"self":[{"href":"https:\/\/libreriahistoriasdebolsillo.com\/index.php\/wp-json\/wp\/v2\/product\/6409","targetHints":{"allow":["GET"]}}],"collection":[{"href":"https:\/\/libreriahistoriasdebolsillo.com\/index.php\/wp-json\/wp\/v2\/product"}],"about":[{"href":"https:\/\/libreriahistoriasdebolsillo.com\/index.php\/wp-json\/wp\/v2\/types\/product"}],"wp:featuredmedia":[{"embeddable":true,"href":"https:\/\/libreriahistoriasdebolsillo.com\/index.php\/wp-json\/wp\/v2\/media\/6410"}],"wp:attachment":[{"href":"https:\/\/libreriahistoriasdebolsillo.com\/index.php\/wp-json\/wp\/v2\/media?parent=6409"}],"wp:term":[{"taxonomy":"product_brand","embeddable":true,"href":"https:\/\/libreriahistoriasdebolsillo.com\/index.php\/wp-json\/wp\/v2\/product_brand?post=6409"},{"taxonomy":"product_cat","embeddable":true,"href":"https:\/\/libreriahistoriasdebolsillo.com\/index.php\/wp-json\/wp\/v2\/product_cat?post=6409"},{"taxonomy":"product_tag","embeddable":true,"href":"https:\/\/libreriahistoriasdebolsillo.com\/index.php\/wp-json\/wp\/v2\/product_tag?post=6409"}],"curies":[{"name":"wp","href":"https:\/\/api.w.org\/{rel}","templated":true}]}}