{"id":6411,"date":"2025-03-11T12:57:44","date_gmt":"2025-03-11T18:57:44","guid":{"rendered":"https:\/\/libreriahistoriasdebolsillo.com\/?post_type=product&#038;p=6411"},"modified":"2025-03-11T12:57:44","modified_gmt":"2025-03-11T18:57:44","slug":"melien-y-el-mundo-del-olvido","status":"publish","type":"product","link":"https:\/\/libreriahistoriasdebolsillo.com\/index.php\/producto\/melien-y-el-mundo-del-olvido\/","title":{"rendered":"Meli\u00e9n y el mundo del olvido"},"content":{"rendered":"<p>\u00ab\u00bfQu\u00e9 sucede con las ideas que olvidamos?<\/p>\n<p>Dos a\u00f1os pasaron desde que Meli\u00e9n descubri\u00f3 que tiene el poder de darle vida a lo que imagina. Desde que logr\u00f3 hacer visible a uno de sus personajes -La chica de blanco- ha practicado mucho y ahora, por fin, puede controlar su poder. O al menos, eso cre\u00eda\u2026<br \/>\nJuli\u00e1n es un joven que est\u00e1 atrapado en una casona abandonada, y Meli\u00e9n es la \u00fanica que puede verlo y, por lo tanto, ayudarlo. Sin embargo, no tardar\u00e1 en descubrir que el misterio que envuelve a este joven es mucho mayor e involucra a las personas que m\u00e1s quiere.<\/p>\n<p>Una nueva aventura de la chica m\u00e1s rara del mundo.\u00bb<\/p>\n","protected":false},"excerpt":{"rendered":"<p>Mariano Cattaneo<\/p>\n<p>127 p\u00e1ginas<\/p>\n","protected":false},"featured_media":6412,"template":"","meta":{"_joinchat":[]},"product_brand":[],"product_cat":[52,70,36],"product_tag":[48],"class_list":{"0":"post-6411","1":"product","2":"type-product","3":"status-publish","4":"has-post-thumbnail","6":"product_cat-juvenil","7":"product_cat-novedades","8":"product_cat-terror-y-paranormal","9":"product_tag-vr-editoras","11":"first","12":"instock","13":"shipping-taxable","14":"purchasable","15":"product-type-simple"},"_links":{"self":[{"href":"https:\/\/libreriahistoriasdebolsillo.com\/index.php\/wp-json\/wp\/v2\/product\/6411","targetHints":{"allow":["GET"]}}],"collection":[{"href":"https:\/\/libreriahistoriasdebolsillo.com\/index.php\/wp-json\/wp\/v2\/product"}],"about":[{"href":"https:\/\/libreriahistoriasdebolsillo.com\/index.php\/wp-json\/wp\/v2\/types\/product"}],"wp:featuredmedia":[{"embeddable":true,"href":"https:\/\/libreriahistoriasdebolsillo.com\/index.php\/wp-json\/wp\/v2\/media\/6412"}],"wp:attachment":[{"href":"https:\/\/libreriahistoriasdebolsillo.com\/index.php\/wp-json\/wp\/v2\/media?parent=6411"}],"wp:term":[{"taxonomy":"product_brand","embeddable":true,"href":"https:\/\/libreriahistoriasdebolsillo.com\/index.php\/wp-json\/wp\/v2\/product_brand?post=6411"},{"taxonomy":"product_cat","embeddable":true,"href":"https:\/\/libreriahistoriasdebolsillo.com\/index.php\/wp-json\/wp\/v2\/product_cat?post=6411"},{"taxonomy":"product_tag","embeddable":true,"href":"https:\/\/libreriahistoriasdebolsillo.com\/index.php\/wp-json\/wp\/v2\/product_tag?post=6411"}],"curies":[{"name":"wp","href":"https:\/\/api.w.org\/{rel}","templated":true}]}}