{"id":6413,"date":"2025-03-11T12:59:35","date_gmt":"2025-03-11T18:59:35","guid":{"rendered":"https:\/\/libreriahistoriasdebolsillo.com\/?post_type=product&#038;p=6413"},"modified":"2025-03-11T13:06:10","modified_gmt":"2025-03-11T19:06:10","slug":"mi-primer-rompecabezas-carlota-juega-a-las-escondidas","status":"publish","type":"product","link":"https:\/\/libreriahistoriasdebolsillo.com\/index.php\/producto\/mi-primer-rompecabezas-carlota-juega-a-las-escondidas\/","title":{"rendered":"Mi primer rompecabezas. Carlota juega a las escondidas"},"content":{"rendered":"<p>Carlota va a jugar a las escondidas con su mam\u00e1. Con la ayuda de sus amigos el ping\u00fcino Valentino, la morsa Rosa y Cristal, la peque\u00f1a esquimal, se va a divertir mucho. Solo debe tener cuidado con el oso polar.<\/p>\n<p>CON 5 DIFERENTES ROMPECABEZAS CON 9 PZAS.<\/p>\n","protected":false},"excerpt":{"rendered":"<p>Carlota va a jugar a las escondidas con su mam\u00e1. Con la ayuda de sus amigos el ping\u00fcino Valentino, la morsa Rosa y Cristal, la peque\u00f1a esquimal, se va a divertir mucho. Solo debe tener cuidado con el oso polar. CON 5 DIFERENTES ROMPECABEZAS CON 9 PZAS.<\/p>\n","protected":false},"featured_media":6414,"template":"","meta":{"_joinchat":[]},"product_brand":[],"product_cat":[54,70],"product_tag":[48],"class_list":{"0":"post-6413","1":"product","2":"type-product","3":"status-publish","4":"has-post-thumbnail","6":"product_cat-infantil","7":"product_cat-novedades","8":"product_tag-vr-editoras","10":"first","11":"instock","12":"shipping-taxable","13":"purchasable","14":"product-type-simple"},"_links":{"self":[{"href":"https:\/\/libreriahistoriasdebolsillo.com\/index.php\/wp-json\/wp\/v2\/product\/6413","targetHints":{"allow":["GET"]}}],"collection":[{"href":"https:\/\/libreriahistoriasdebolsillo.com\/index.php\/wp-json\/wp\/v2\/product"}],"about":[{"href":"https:\/\/libreriahistoriasdebolsillo.com\/index.php\/wp-json\/wp\/v2\/types\/product"}],"wp:featuredmedia":[{"embeddable":true,"href":"https:\/\/libreriahistoriasdebolsillo.com\/index.php\/wp-json\/wp\/v2\/media\/6414"}],"wp:attachment":[{"href":"https:\/\/libreriahistoriasdebolsillo.com\/index.php\/wp-json\/wp\/v2\/media?parent=6413"}],"wp:term":[{"taxonomy":"product_brand","embeddable":true,"href":"https:\/\/libreriahistoriasdebolsillo.com\/index.php\/wp-json\/wp\/v2\/product_brand?post=6413"},{"taxonomy":"product_cat","embeddable":true,"href":"https:\/\/libreriahistoriasdebolsillo.com\/index.php\/wp-json\/wp\/v2\/product_cat?post=6413"},{"taxonomy":"product_tag","embeddable":true,"href":"https:\/\/libreriahistoriasdebolsillo.com\/index.php\/wp-json\/wp\/v2\/product_tag?post=6413"}],"curies":[{"name":"wp","href":"https:\/\/api.w.org\/{rel}","templated":true}]}}