{"id":6415,"date":"2025-03-11T13:01:39","date_gmt":"2025-03-11T19:01:39","guid":{"rendered":"https:\/\/libreriahistoriasdebolsillo.com\/?post_type=product&#038;p=6415"},"modified":"2025-03-11T13:05:48","modified_gmt":"2025-03-11T19:05:48","slug":"mi-primer-rompecabezas-beto-sale-a-explorar","status":"publish","type":"product","link":"https:\/\/libreriahistoriasdebolsillo.com\/index.php\/producto\/mi-primer-rompecabezas-beto-sale-a-explorar\/","title":{"rendered":"Mi primer rompecabezas. Beto sale a explorar"},"content":{"rendered":"<p>El conejo Beto despert\u00f3 con ganas de hacer algo nuevo y decide explorar el corral por su cuenta. Nunca ha visto conejos tan extra\u00f1os: con orejas peque\u00f1itas, emplumados e incluso algunos con patas muy raras. Beto est\u00e1 muy sorprendido.<\/p>\n<p>CON 5 DIFERENTES ROMPECABEZAS CON 9 PZAS.<\/p>\n","protected":false},"excerpt":{"rendered":"<p>El conejo Beto despert\u00f3 con ganas de hacer algo nuevo y decide explorar el corral por su cuenta. Nunca ha visto conejos tan extra\u00f1os: con orejas peque\u00f1itas, emplumados e incluso algunos con patas muy raras. Beto est\u00e1 muy sorprendido. CON 5 DIFERENTES ROMPECABEZAS CON 9 PZAS.<\/p>\n","protected":false},"featured_media":6416,"template":"","meta":{"_joinchat":[]},"product_brand":[],"product_cat":[54,70],"product_tag":[48],"class_list":{"0":"post-6415","1":"product","2":"type-product","3":"status-publish","4":"has-post-thumbnail","6":"product_cat-infantil","7":"product_cat-novedades","8":"product_tag-vr-editoras","10":"first","11":"instock","12":"shipping-taxable","13":"purchasable","14":"product-type-simple"},"_links":{"self":[{"href":"https:\/\/libreriahistoriasdebolsillo.com\/index.php\/wp-json\/wp\/v2\/product\/6415","targetHints":{"allow":["GET"]}}],"collection":[{"href":"https:\/\/libreriahistoriasdebolsillo.com\/index.php\/wp-json\/wp\/v2\/product"}],"about":[{"href":"https:\/\/libreriahistoriasdebolsillo.com\/index.php\/wp-json\/wp\/v2\/types\/product"}],"wp:featuredmedia":[{"embeddable":true,"href":"https:\/\/libreriahistoriasdebolsillo.com\/index.php\/wp-json\/wp\/v2\/media\/6416"}],"wp:attachment":[{"href":"https:\/\/libreriahistoriasdebolsillo.com\/index.php\/wp-json\/wp\/v2\/media?parent=6415"}],"wp:term":[{"taxonomy":"product_brand","embeddable":true,"href":"https:\/\/libreriahistoriasdebolsillo.com\/index.php\/wp-json\/wp\/v2\/product_brand?post=6415"},{"taxonomy":"product_cat","embeddable":true,"href":"https:\/\/libreriahistoriasdebolsillo.com\/index.php\/wp-json\/wp\/v2\/product_cat?post=6415"},{"taxonomy":"product_tag","embeddable":true,"href":"https:\/\/libreriahistoriasdebolsillo.com\/index.php\/wp-json\/wp\/v2\/product_tag?post=6415"}],"curies":[{"name":"wp","href":"https:\/\/api.w.org\/{rel}","templated":true}]}}