{"id":6417,"date":"2025-03-11T13:03:17","date_gmt":"2025-03-11T19:03:17","guid":{"rendered":"https:\/\/libreriahistoriasdebolsillo.com\/?post_type=product&#038;p=6417"},"modified":"2025-03-11T13:05:23","modified_gmt":"2025-03-11T19:05:23","slug":"mi-primer-rompecabezas-leo-es-un-grunon","status":"publish","type":"product","link":"https:\/\/libreriahistoriasdebolsillo.com\/index.php\/producto\/mi-primer-rompecabezas-leo-es-un-grunon\/","title":{"rendered":"Mi primer rompecabezas. Leo es un gru\u00f1on"},"content":{"rendered":"<p>Leo, el le\u00f3n, est\u00e1 de mal humor. La hiena Elena es la m\u00e1s graciosa, la gacela Manuela es la m\u00e1s bella, el elefante Dante es el m\u00e1s fuerte y el mono To\u00f1o es el m\u00e1s \u00e1gil\u2026pero Leo no est\u00e1 seguro de cu\u00e1l es su talento.<\/p>\n<p>CON 5 DIFERENTES ROMPENCBEZA DE 9 PZAS<\/p>\n","protected":false},"excerpt":{"rendered":"<p>Leo, el le\u00f3n, est\u00e1 de mal humor. La hiena Elena es la m\u00e1s graciosa, la gacela Manuela es la m\u00e1s bella, el elefante Dante es el m\u00e1s fuerte y el mono To\u00f1o es el m\u00e1s \u00e1gil\u2026pero Leo no est\u00e1 seguro de cu\u00e1l es su talento. CON 5 DIFERENTES ROMPENCBEZA DE 9 PZAS<\/p>\n","protected":false},"featured_media":6418,"template":"","meta":{"_joinchat":[]},"product_brand":[],"product_cat":[54,70],"product_tag":[48],"class_list":{"0":"post-6417","1":"product","2":"type-product","3":"status-publish","4":"has-post-thumbnail","6":"product_cat-infantil","7":"product_cat-novedades","8":"product_tag-vr-editoras","10":"first","11":"instock","12":"shipping-taxable","13":"purchasable","14":"product-type-simple"},"_links":{"self":[{"href":"https:\/\/libreriahistoriasdebolsillo.com\/index.php\/wp-json\/wp\/v2\/product\/6417","targetHints":{"allow":["GET"]}}],"collection":[{"href":"https:\/\/libreriahistoriasdebolsillo.com\/index.php\/wp-json\/wp\/v2\/product"}],"about":[{"href":"https:\/\/libreriahistoriasdebolsillo.com\/index.php\/wp-json\/wp\/v2\/types\/product"}],"wp:featuredmedia":[{"embeddable":true,"href":"https:\/\/libreriahistoriasdebolsillo.com\/index.php\/wp-json\/wp\/v2\/media\/6418"}],"wp:attachment":[{"href":"https:\/\/libreriahistoriasdebolsillo.com\/index.php\/wp-json\/wp\/v2\/media?parent=6417"}],"wp:term":[{"taxonomy":"product_brand","embeddable":true,"href":"https:\/\/libreriahistoriasdebolsillo.com\/index.php\/wp-json\/wp\/v2\/product_brand?post=6417"},{"taxonomy":"product_cat","embeddable":true,"href":"https:\/\/libreriahistoriasdebolsillo.com\/index.php\/wp-json\/wp\/v2\/product_cat?post=6417"},{"taxonomy":"product_tag","embeddable":true,"href":"https:\/\/libreriahistoriasdebolsillo.com\/index.php\/wp-json\/wp\/v2\/product_tag?post=6417"}],"curies":[{"name":"wp","href":"https:\/\/api.w.org\/{rel}","templated":true}]}}