{"id":642,"date":"2023-11-20T12:08:04","date_gmt":"2023-11-20T18:08:04","guid":{"rendered":"https:\/\/libreriahistoriasdebolsillo.com\/?post_type=product&#038;p=642"},"modified":"2024-12-14T17:46:29","modified_gmt":"2024-12-14T23:46:29","slug":"un-principe-encantador","status":"publish","type":"product","link":"https:\/\/libreriahistoriasdebolsillo.com\/index.php\/producto\/un-principe-encantador\/","title":{"rendered":"Un pr\u00edncipe encantador"},"content":{"rendered":"<p>Dev Deshpande siempre ha cre\u00eddo en los cuentos de hadas. As\u00ed que no es de extra\u00f1ar que haya pasado toda su carrera cre\u00e1ndolos en el reality show de citas Y comieron perdices. Como el productor m\u00e1s exitoso en la historia del programa, Dev siempre escribe la historia de amor perfecta para sus concursantes, incluso mientras su propia vida amorosa se desmorona. Pero entonces el programa incorpora al desacreditado prodigio de la tecnolog\u00eda Charlie Winshaw como su nueva estrella. Charlie est\u00e1 lejos de ser el pr\u00edncipe azul rom\u00e1ntico. No cree en el amor verdadero, y solo ha accedido a estar en el programa en un intento desesperado de limpiar su imagen. Frente a las c\u00e1maras, es un desastre con ansiedad que no tiene ni idea de c\u00f3mo salir con veinte mujeres en la televisi\u00f3n nacional. Detr\u00e1s de las c\u00e1maras, es fr\u00edo, complicado y est\u00e1 cerrado emocionalmente. Mientras Dev lucha por conseguir que Charlie conecte con las participantes en una gira mundial fren\u00e9tica, ambos empiezan a abrirse con el otro, y Charlie se da cuenta de que tiene mejor qu\u00edmica con Dev que con cualquiera de sus coestrellas femeninas. Pero incluso los realities tienen un guion, y para encontrar el \u00abfelices para siempre\u00bb tendr\u00e1n que reconsiderar cu\u00e1l es la historia de amor que se va a contar.<\/p>\n","protected":false},"excerpt":{"rendered":"<p>Alison Cochrun<\/p>\n","protected":false},"featured_media":643,"template":"","meta":{"_joinchat":[]},"product_brand":[],"product_cat":[38],"product_tag":[46],"class_list":{"0":"post-642","1":"product","2":"type-product","3":"status-publish","4":"has-post-thumbnail","6":"product_cat-lgbtq","7":"product_tag-ediciones-urano","9":"first","10":"outofstock","11":"shipping-taxable","12":"purchasable","13":"product-type-simple"},"_links":{"self":[{"href":"https:\/\/libreriahistoriasdebolsillo.com\/index.php\/wp-json\/wp\/v2\/product\/642","targetHints":{"allow":["GET"]}}],"collection":[{"href":"https:\/\/libreriahistoriasdebolsillo.com\/index.php\/wp-json\/wp\/v2\/product"}],"about":[{"href":"https:\/\/libreriahistoriasdebolsillo.com\/index.php\/wp-json\/wp\/v2\/types\/product"}],"wp:featuredmedia":[{"embeddable":true,"href":"https:\/\/libreriahistoriasdebolsillo.com\/index.php\/wp-json\/wp\/v2\/media\/643"}],"wp:attachment":[{"href":"https:\/\/libreriahistoriasdebolsillo.com\/index.php\/wp-json\/wp\/v2\/media?parent=642"}],"wp:term":[{"taxonomy":"product_brand","embeddable":true,"href":"https:\/\/libreriahistoriasdebolsillo.com\/index.php\/wp-json\/wp\/v2\/product_brand?post=642"},{"taxonomy":"product_cat","embeddable":true,"href":"https:\/\/libreriahistoriasdebolsillo.com\/index.php\/wp-json\/wp\/v2\/product_cat?post=642"},{"taxonomy":"product_tag","embeddable":true,"href":"https:\/\/libreriahistoriasdebolsillo.com\/index.php\/wp-json\/wp\/v2\/product_tag?post=642"}],"curies":[{"name":"wp","href":"https:\/\/api.w.org\/{rel}","templated":true}]}}