{"id":6423,"date":"2025-03-11T13:09:09","date_gmt":"2025-03-11T19:09:09","guid":{"rendered":"https:\/\/libreriahistoriasdebolsillo.com\/?post_type=product&#038;p=6423"},"modified":"2025-03-11T13:13:48","modified_gmt":"2025-03-11T19:13:48","slug":"el-lobo-que-descubre-el-pais-de-los-cuentos","status":"publish","type":"product","link":"https:\/\/libreriahistoriasdebolsillo.com\/index.php\/producto\/el-lobo-que-descubre-el-pais-de-los-cuentos\/","title":{"rendered":"El lobo que descubre el pa\u00eds de los cuentos"},"content":{"rendered":"<p>\u00danete a Lobo, un curioso y aventurero personaje, mientras descubre qu\u00e9 color le va mejor, explora el mundo, conoce el Pa\u00eds de los Cuentos y aprende a controlar sus emociones.<\/p>\n","protected":false},"excerpt":{"rendered":"<p>Orianne Lallemand y \u00c9l\u00e9onore Thuillier<\/p>\n","protected":false},"featured_media":6424,"template":"","meta":{"_joinchat":[]},"product_brand":[],"product_cat":[54,70],"product_tag":[48],"class_list":{"0":"post-6423","1":"product","2":"type-product","3":"status-publish","4":"has-post-thumbnail","6":"product_cat-infantil","7":"product_cat-novedades","8":"product_tag-vr-editoras","10":"first","11":"instock","12":"shipping-taxable","13":"purchasable","14":"product-type-simple"},"_links":{"self":[{"href":"https:\/\/libreriahistoriasdebolsillo.com\/index.php\/wp-json\/wp\/v2\/product\/6423","targetHints":{"allow":["GET"]}}],"collection":[{"href":"https:\/\/libreriahistoriasdebolsillo.com\/index.php\/wp-json\/wp\/v2\/product"}],"about":[{"href":"https:\/\/libreriahistoriasdebolsillo.com\/index.php\/wp-json\/wp\/v2\/types\/product"}],"wp:featuredmedia":[{"embeddable":true,"href":"https:\/\/libreriahistoriasdebolsillo.com\/index.php\/wp-json\/wp\/v2\/media\/6424"}],"wp:attachment":[{"href":"https:\/\/libreriahistoriasdebolsillo.com\/index.php\/wp-json\/wp\/v2\/media?parent=6423"}],"wp:term":[{"taxonomy":"product_brand","embeddable":true,"href":"https:\/\/libreriahistoriasdebolsillo.com\/index.php\/wp-json\/wp\/v2\/product_brand?post=6423"},{"taxonomy":"product_cat","embeddable":true,"href":"https:\/\/libreriahistoriasdebolsillo.com\/index.php\/wp-json\/wp\/v2\/product_cat?post=6423"},{"taxonomy":"product_tag","embeddable":true,"href":"https:\/\/libreriahistoriasdebolsillo.com\/index.php\/wp-json\/wp\/v2\/product_tag?post=6423"}],"curies":[{"name":"wp","href":"https:\/\/api.w.org\/{rel}","templated":true}]}}