{"id":6446,"date":"2025-03-19T10:53:18","date_gmt":"2025-03-19T16:53:18","guid":{"rendered":"https:\/\/libreriahistoriasdebolsillo.com\/?post_type=product&#038;p=6446"},"modified":"2025-05-28T11:49:43","modified_gmt":"2025-05-28T17:49:43","slug":"no-es-amor","status":"publish","type":"product","link":"https:\/\/libreriahistoriasdebolsillo.com\/index.php\/producto\/no-es-amor\/","title":{"rendered":"No es amor"},"content":{"rendered":"<p>Una aventura secreta y prohibida demuestra que en el amor y en la ciencia, todo vale. Ali Hazelwood, autora bestseller del New York Times, nos presenta una novela de romance prohibido, tensi\u00f3n sexual y ambici\u00f3n empresarial en el mundo de la biotecnolog\u00eda y la industria alimentaria.<\/p>\n<p>Rue Siebert, una ingeniera biotecnol\u00f3gica exitosa, tiene una vida estable y satisfactoria en Kline, una empresa emergente de ciencia de los alimentos. Con una carrera profesional destacada y una econom\u00eda s\u00f3lida, todo parece ir bien para Rue. Hasta que una adquisici\u00f3n hostil por parte de una poderosa empresa rival, representada por el atractivo y ambicioso Eli Killgore, amenaza con desbaratar su mundo.<\/p>\n<p>Eli Killgore es un hombre de negocios decidido que siempre consigue lo que quiere, excepto en este caso: Rue. A pesar de su atracci\u00f3n mutua, Rue y Eli deben mantener su romance secreto debido a la guerra empresarial que se libra entre sus compa\u00f1\u00edas. Un romance de oficina lleno de estrategias arriesgadas, secretos corporativos y decisiones dif\u00edciles que podr\u00edan cambiar sus vidas y carreras.<\/p>\n<p>A medida que el romance clandestino avanza, Rue y Eli se enfrentan a dilemas sobre lealtad empresarial, amor prohibido y competencia feroz. Este romance intenso entre una ingeniera y un magnate empresarial muestra c\u00f3mo la qu\u00edmica puede ser tan potente como cualquier estrategia de negocios.<\/p>\n<p>Pero, como todo en la vida, el amor tambi\u00e9n es un negocio arriesgado, y con una fecha l\u00edmite en su relaci\u00f3n, Rue y Eli tendr\u00e1n que decidir si el coraz\u00f3n puede superar los obst\u00e1culos de la ambici\u00f3n, el poder y el trabajo.<\/p>\n","protected":false},"excerpt":{"rendered":"<p>Ali Hazelwood<\/p>\n<p>488 p\u00e1ginas<\/p>\n","protected":false},"featured_media":6447,"template":"","meta":{"_joinchat":[]},"product_brand":[],"product_cat":[70,35],"product_tag":[73,80],"class_list":{"0":"post-6446","1":"product","2":"type-product","3":"status-publish","4":"has-post-thumbnail","6":"product_cat-novedades","7":"product_cat-romantica","8":"product_tag-contraluz","9":"product_tag-larousse","11":"first","12":"outofstock","13":"shipping-taxable","14":"purchasable","15":"product-type-simple"},"_links":{"self":[{"href":"https:\/\/libreriahistoriasdebolsillo.com\/index.php\/wp-json\/wp\/v2\/product\/6446","targetHints":{"allow":["GET"]}}],"collection":[{"href":"https:\/\/libreriahistoriasdebolsillo.com\/index.php\/wp-json\/wp\/v2\/product"}],"about":[{"href":"https:\/\/libreriahistoriasdebolsillo.com\/index.php\/wp-json\/wp\/v2\/types\/product"}],"wp:featuredmedia":[{"embeddable":true,"href":"https:\/\/libreriahistoriasdebolsillo.com\/index.php\/wp-json\/wp\/v2\/media\/6447"}],"wp:attachment":[{"href":"https:\/\/libreriahistoriasdebolsillo.com\/index.php\/wp-json\/wp\/v2\/media?parent=6446"}],"wp:term":[{"taxonomy":"product_brand","embeddable":true,"href":"https:\/\/libreriahistoriasdebolsillo.com\/index.php\/wp-json\/wp\/v2\/product_brand?post=6446"},{"taxonomy":"product_cat","embeddable":true,"href":"https:\/\/libreriahistoriasdebolsillo.com\/index.php\/wp-json\/wp\/v2\/product_cat?post=6446"},{"taxonomy":"product_tag","embeddable":true,"href":"https:\/\/libreriahistoriasdebolsillo.com\/index.php\/wp-json\/wp\/v2\/product_tag?post=6446"}],"curies":[{"name":"wp","href":"https:\/\/api.w.org\/{rel}","templated":true}]}}