{"id":6448,"date":"2025-03-19T10:55:47","date_gmt":"2025-03-19T16:55:47","guid":{"rendered":"https:\/\/libreriahistoriasdebolsillo.com\/?post_type=product&#038;p=6448"},"modified":"2025-06-26T14:20:26","modified_gmt":"2025-06-26T20:20:26","slug":"del-odio-al-amor","status":"publish","type":"product","link":"https:\/\/libreriahistoriasdebolsillo.com\/index.php\/producto\/del-odio-al-amor\/","title":{"rendered":"Del odio al amor"},"content":{"rendered":"<p>La autora de La hip\u00f3tesis del amor nos trae una nueva colecci\u00f3n de apasionantes novelas cortas en el mundo de las ciencias protagonizadas por un tr\u00edo de ingenieras de armas tomar y sus amores insoportables, \u00a1con un cap\u00edtulo extra especial! Bajo el mismo techo Una ingeniera medioambiental descubre que los cient\u00edficos nunca deber\u00edan cohabitar cuando le toca aguantar al peor compa\u00f1ero de piso del mundo, un insufrible abogado de una gran petrolera que no deja de toquetear el termostato. Atrapados La rivalidad (y el amor) entre una ingeniera civil y su n\u00e9mesis llega a un punto \u00e1lgido cuando se quedan atrapados en un ascensor de Nueva York. Bajo cero El coraz\u00f3n de hielo de una ingeniera aeroespacial de la NASA empieza a derretirse cuando termina herida y varada en una remota estaci\u00f3n de investigaci\u00f3n del \u00c1rtico y la \u00fanica persona dispuesta a emprender una peligrosa misi\u00f3n de rescate para ir a buscarla resulta ser su eterno rival.<\/p>\n","protected":false},"excerpt":{"rendered":"<p>Ali Hazelwood<\/p>\n<p>456 p\u00e1ginas<\/p>\n","protected":false},"featured_media":6449,"template":"","meta":{"_joinchat":[]},"product_brand":[],"product_cat":[70,35],"product_tag":[73,80],"class_list":{"0":"post-6448","1":"product","2":"type-product","3":"status-publish","4":"has-post-thumbnail","6":"product_cat-novedades","7":"product_cat-romantica","8":"product_tag-contraluz","9":"product_tag-larousse","11":"first","12":"outofstock","13":"shipping-taxable","14":"purchasable","15":"product-type-simple"},"_links":{"self":[{"href":"https:\/\/libreriahistoriasdebolsillo.com\/index.php\/wp-json\/wp\/v2\/product\/6448","targetHints":{"allow":["GET"]}}],"collection":[{"href":"https:\/\/libreriahistoriasdebolsillo.com\/index.php\/wp-json\/wp\/v2\/product"}],"about":[{"href":"https:\/\/libreriahistoriasdebolsillo.com\/index.php\/wp-json\/wp\/v2\/types\/product"}],"wp:featuredmedia":[{"embeddable":true,"href":"https:\/\/libreriahistoriasdebolsillo.com\/index.php\/wp-json\/wp\/v2\/media\/6449"}],"wp:attachment":[{"href":"https:\/\/libreriahistoriasdebolsillo.com\/index.php\/wp-json\/wp\/v2\/media?parent=6448"}],"wp:term":[{"taxonomy":"product_brand","embeddable":true,"href":"https:\/\/libreriahistoriasdebolsillo.com\/index.php\/wp-json\/wp\/v2\/product_brand?post=6448"},{"taxonomy":"product_cat","embeddable":true,"href":"https:\/\/libreriahistoriasdebolsillo.com\/index.php\/wp-json\/wp\/v2\/product_cat?post=6448"},{"taxonomy":"product_tag","embeddable":true,"href":"https:\/\/libreriahistoriasdebolsillo.com\/index.php\/wp-json\/wp\/v2\/product_tag?post=6448"}],"curies":[{"name":"wp","href":"https:\/\/api.w.org\/{rel}","templated":true}]}}