{"id":645,"date":"2023-11-20T12:10:54","date_gmt":"2023-11-20T18:10:54","guid":{"rendered":"https:\/\/libreriahistoriasdebolsillo.com\/?post_type=product&#038;p=645"},"modified":"2024-02-29T18:31:36","modified_gmt":"2024-03-01T00:31:36","slug":"al-final-muere-el-primero","status":"publish","type":"product","link":"https:\/\/libreriahistoriasdebolsillo.com\/index.php\/producto\/al-final-muere-el-primero\/","title":{"rendered":"Al final muere el primero"},"content":{"rendered":"<p>Orion Pagan lleva a\u00f1os esperando a que alguien le diga que va a morir. Ahora que se ha registrado en Muerte S\u00fabita para saber si la grave enfermedad cardiovascular que padece acabar\u00e1 con \u00e9l, est\u00e1 listo para empezar a vivir. Ese es el motivo por el que decide ir a un evento \u00fanico e irrepetible: la v\u00edspera de Muerte S\u00fabita en Times Square. Recibir su llamada de \u00daltimo D\u00eda es algo que Valentino Prince jam\u00e1s hab\u00eda imaginado, ya que ni siquiera se registr\u00f3 en la aplicaci\u00f3n. Su carrera como modelo est\u00e1 a punto de despegar y va a pasar su primera noche en Nueva York en la fiesta de lanzamiento de Muerte S\u00fabita. Orion y Valentino se conocen y su conexi\u00f3n es innegable. Pero el destino siempre es inesperado. Y cuando Muerte S\u00fabita hace su primera ronda de llamadas, uno de los dos es el que est\u00e1 a punto de morir. Y, como sabes, es probable que la vida del que quede vivo nunca vuelva a ser la misma. Porque despu\u00e9s de perder a alguien, nunca volvemos a ser los mismos.<\/p>\n","protected":false},"excerpt":{"rendered":"<p>Adam Silvera<\/p>\n","protected":false},"featured_media":646,"template":"","meta":{"_joinchat":[]},"product_brand":[],"product_cat":[38],"product_tag":[46],"class_list":{"0":"post-645","1":"product","2":"type-product","3":"status-publish","4":"has-post-thumbnail","6":"product_cat-lgbtq","7":"product_tag-ediciones-urano","9":"first","10":"outofstock","11":"shipping-taxable","12":"purchasable","13":"product-type-simple"},"_links":{"self":[{"href":"https:\/\/libreriahistoriasdebolsillo.com\/index.php\/wp-json\/wp\/v2\/product\/645","targetHints":{"allow":["GET"]}}],"collection":[{"href":"https:\/\/libreriahistoriasdebolsillo.com\/index.php\/wp-json\/wp\/v2\/product"}],"about":[{"href":"https:\/\/libreriahistoriasdebolsillo.com\/index.php\/wp-json\/wp\/v2\/types\/product"}],"wp:featuredmedia":[{"embeddable":true,"href":"https:\/\/libreriahistoriasdebolsillo.com\/index.php\/wp-json\/wp\/v2\/media\/646"}],"wp:attachment":[{"href":"https:\/\/libreriahistoriasdebolsillo.com\/index.php\/wp-json\/wp\/v2\/media?parent=645"}],"wp:term":[{"taxonomy":"product_brand","embeddable":true,"href":"https:\/\/libreriahistoriasdebolsillo.com\/index.php\/wp-json\/wp\/v2\/product_brand?post=645"},{"taxonomy":"product_cat","embeddable":true,"href":"https:\/\/libreriahistoriasdebolsillo.com\/index.php\/wp-json\/wp\/v2\/product_cat?post=645"},{"taxonomy":"product_tag","embeddable":true,"href":"https:\/\/libreriahistoriasdebolsillo.com\/index.php\/wp-json\/wp\/v2\/product_tag?post=645"}],"curies":[{"name":"wp","href":"https:\/\/api.w.org\/{rel}","templated":true}]}}