{"id":6450,"date":"2025-03-19T10:57:38","date_gmt":"2025-03-19T16:57:38","guid":{"rendered":"https:\/\/libreriahistoriasdebolsillo.com\/?post_type=product&#038;p=6450"},"modified":"2025-05-28T15:20:15","modified_gmt":"2025-05-28T21:20:15","slug":"caida-libre","status":"publish","type":"product","link":"https:\/\/libreriahistoriasdebolsillo.com\/index.php\/producto\/caida-libre\/","title":{"rendered":"Ca\u00edda libre"},"content":{"rendered":"<p>T\u00f3rrido romance universitario entre un nadador y una saltadora de trampol\u00edn en Stanford.<\/p>\n<p>Un nadador de competici\u00f3n y una saltadora de trampol\u00edn experta se adentran en aguas prohibidas en este apasionante romance universitario de la autora de\u00a0<em>La hip\u00f3tesis del amor<\/em>, bestseller del Sunday Times y del New York Times.<\/p>\n<p>Scarlett Vandermeer, estudiante de Stanford, equilibra su vida acad\u00e9mica con su carrera como saltadora de trampol\u00edn de alto rendimiento. Su mayor objetivo es ingresar a la facultad de medicina, pero antes debe recuperarse de la lesi\u00f3n que casi acaba con su carrera. No tiene tiempo para relaciones amorosas, o al menos eso se repite una y otra vez.<\/p>\n","protected":false},"excerpt":{"rendered":"<p>Ali Hazelwood<\/p>\n<p>616 p\u00e1ginas<\/p>\n","protected":false},"featured_media":6451,"template":"","meta":{"_joinchat":[]},"product_brand":[],"product_cat":[70,35],"product_tag":[73,80],"class_list":{"0":"post-6450","1":"product","2":"type-product","3":"status-publish","4":"has-post-thumbnail","6":"product_cat-novedades","7":"product_cat-romantica","8":"product_tag-contraluz","9":"product_tag-larousse","11":"first","12":"outofstock","13":"shipping-taxable","14":"purchasable","15":"product-type-simple"},"_links":{"self":[{"href":"https:\/\/libreriahistoriasdebolsillo.com\/index.php\/wp-json\/wp\/v2\/product\/6450","targetHints":{"allow":["GET"]}}],"collection":[{"href":"https:\/\/libreriahistoriasdebolsillo.com\/index.php\/wp-json\/wp\/v2\/product"}],"about":[{"href":"https:\/\/libreriahistoriasdebolsillo.com\/index.php\/wp-json\/wp\/v2\/types\/product"}],"wp:featuredmedia":[{"embeddable":true,"href":"https:\/\/libreriahistoriasdebolsillo.com\/index.php\/wp-json\/wp\/v2\/media\/6451"}],"wp:attachment":[{"href":"https:\/\/libreriahistoriasdebolsillo.com\/index.php\/wp-json\/wp\/v2\/media?parent=6450"}],"wp:term":[{"taxonomy":"product_brand","embeddable":true,"href":"https:\/\/libreriahistoriasdebolsillo.com\/index.php\/wp-json\/wp\/v2\/product_brand?post=6450"},{"taxonomy":"product_cat","embeddable":true,"href":"https:\/\/libreriahistoriasdebolsillo.com\/index.php\/wp-json\/wp\/v2\/product_cat?post=6450"},{"taxonomy":"product_tag","embeddable":true,"href":"https:\/\/libreriahistoriasdebolsillo.com\/index.php\/wp-json\/wp\/v2\/product_tag?post=6450"}],"curies":[{"name":"wp","href":"https:\/\/api.w.org\/{rel}","templated":true}]}}