{"id":6453,"date":"2025-03-19T15:08:32","date_gmt":"2025-03-19T21:08:32","guid":{"rendered":"https:\/\/libreriahistoriasdebolsillo.com\/?post_type=product&#038;p=6453"},"modified":"2025-12-23T15:13:46","modified_gmt":"2025-12-23T21:13:46","slug":"6453","status":"publish","type":"product","link":"https:\/\/libreriahistoriasdebolsillo.com\/index.php\/producto\/6453\/","title":{"rendered":"La naturaleza del espacio y el tiempo"},"content":{"rendered":"<p>Un interesante debate entre dos gigantes de la ciencia sobre el origen y el futuro del universo.<\/p>\n<p>Einstein afirmaba que lo m\u00e1s incomprensible acerca del universo es que es comprensible. \u00bfEstaba en lo cierto? \u00bfPueden la teor\u00eda cu\u00e1ntica de campos y la teor\u00eda de la relatividad general de Einstein, las dos teor\u00edas m\u00e1s precisas y exitosas de toda la f\u00edsica, unirse en una \u00fanica teor\u00eda cu\u00e1ntica de la gravedad?<\/p>\n<p>Aunque se ha avanzado mucho en esta b\u00fasqueda, Hawking y Penrose insisten en que es necesario llegar mucho m\u00e1s lejos. En\u00a0<i>La naturaleza del espacio y el tiempo<\/i>, estos dos gigantes de la f\u00edsica entablan un debate fundamental sobre el origen del universo. Un libro escrito a cuatro manos, con un ep\u00edlogo actualizado, en el que los autores resumen c\u00f3mo los recientes acontecimientos han provocado que sus posturas difieran en cuestiones tan importantes como la geometr\u00eda espacial del universo o la paradoja de la desaparici\u00f3n de informaci\u00f3n en los agujeros negros.<\/p>\n<p>\u00abUna obra reveladora sobre dos aproximaciones distintas a algunos de los mayores problemas sin resolver de la gravitaci\u00f3n y la cosmolog\u00eda.\u00bb<\/p>\n<p><i>New Scientist<\/i><\/p>\n<p>\u00abUn debate entre Hawking y Penrose alimenta las expectativas del lector por asistir a un intercambio extraordinario de ideas. En este texto, animado con el sentido del humor de Hawking, las expectativas se cumplen con creces.\u00bb<\/p>\n<p><i>The Higher Education<\/i><\/p>\n<p>\u00abUn magn\u00edfico y estimulante intercambio intelectual entre dos mentes de primera categor\u00eda.\u00bb<\/p>\n<p><i>Library Journal<\/i><\/p>\n<p>\u00abUna lectura interesant\u00edsima para el presente que promete ser aun m\u00e1s interesante para las futuras generaciones de f\u00edsicos.\u00bb<\/p>\n<p><i>Science<\/i><\/p>\n<p>\u00abUn documento de gran rigor cient\u00edfico.\u00bb<\/p>\n<p><i>Physics World<\/i><\/p>\n","protected":false},"excerpt":{"rendered":"<p>Stephen W. Hawking y Roger Penrose<\/p>\n<p>192 p\u00e1ginas<\/p>\n","protected":false},"featured_media":6496,"template":"","meta":{"_joinchat":[]},"product_brand":[],"product_cat":[60,41],"product_tag":[34],"class_list":{"0":"post-6453","1":"product","2":"type-product","3":"status-publish","4":"has-post-thumbnail","6":"product_cat-ciencia","7":"product_cat-desarrollo-humano","8":"product_tag-penguin-random-house","10":"first","11":"outofstock","12":"shipping-taxable","13":"purchasable","14":"product-type-simple"},"_links":{"self":[{"href":"https:\/\/libreriahistoriasdebolsillo.com\/index.php\/wp-json\/wp\/v2\/product\/6453","targetHints":{"allow":["GET"]}}],"collection":[{"href":"https:\/\/libreriahistoriasdebolsillo.com\/index.php\/wp-json\/wp\/v2\/product"}],"about":[{"href":"https:\/\/libreriahistoriasdebolsillo.com\/index.php\/wp-json\/wp\/v2\/types\/product"}],"wp:featuredmedia":[{"embeddable":true,"href":"https:\/\/libreriahistoriasdebolsillo.com\/index.php\/wp-json\/wp\/v2\/media\/6496"}],"wp:attachment":[{"href":"https:\/\/libreriahistoriasdebolsillo.com\/index.php\/wp-json\/wp\/v2\/media?parent=6453"}],"wp:term":[{"taxonomy":"product_brand","embeddable":true,"href":"https:\/\/libreriahistoriasdebolsillo.com\/index.php\/wp-json\/wp\/v2\/product_brand?post=6453"},{"taxonomy":"product_cat","embeddable":true,"href":"https:\/\/libreriahistoriasdebolsillo.com\/index.php\/wp-json\/wp\/v2\/product_cat?post=6453"},{"taxonomy":"product_tag","embeddable":true,"href":"https:\/\/libreriahistoriasdebolsillo.com\/index.php\/wp-json\/wp\/v2\/product_tag?post=6453"}],"curies":[{"name":"wp","href":"https:\/\/api.w.org\/{rel}","templated":true}]}}