{"id":6455,"date":"2025-03-19T15:11:28","date_gmt":"2025-03-19T21:11:28","guid":{"rendered":"https:\/\/libreriahistoriasdebolsillo.com\/?post_type=product&#038;p=6455"},"modified":"2025-07-08T11:31:25","modified_gmt":"2025-07-08T17:31:25","slug":"6455","status":"publish","type":"product","link":"https:\/\/libreriahistoriasdebolsillo.com\/index.php\/producto\/6455\/","title":{"rendered":"Los \u00faltimos d\u00edas de nuestros padres"},"content":{"rendered":"<p><b>Ganadora del Premio de los Escritores Ginebrinos.<\/b><\/p>\n<p><b>La primera novela de Jo\u00ebl Dicker, \u00abel suizo que resucita las librer\u00edas\u00bb seg\u00fan\u00a0<i>El Pa\u00eds Semanal<\/i>; y el llamado \u00abirritante ni\u00f1o prodigio literario\u00bb por\u00a0<i>The New York Times<\/i>.<\/b><\/p>\n<p>En 1940 Winston Churchill tiene una idea que cambiar\u00e1 el curso de la guerra: crear una nueva secci\u00f3n de los servicios secretos, el Special Operations Executive (SOE), para llevar a cabo acciones de sabotaje desde el interior de las l\u00edneas enemigas.<\/p>\n<p>Unos meses m\u00e1s tarde, el joven\u00a0<b>Paul-\u00c9mile<\/b>\u00a0deja Par\u00eds rumbo a Londres con la esperanza de unirse a la Resistencia. El SOE no tarda en llamarlo a sus filas, junto a un grupo de j\u00f3venes compa\u00f1eros. Tras un entrenamiento brutal, los pocos elegidos conocer\u00e1n el amor, el miedo y la amistad, y ser\u00e1n enviados en misi\u00f3n a la Francia ocupada. Pero el contraespionaje alem\u00e1n ya ha sido alertado.<\/p>\n<p>Un jovenc\u00edsimo Jo\u00ebl Dicker, que luego deslumbrar\u00e1 a m\u00e1s de dos millones de lectores con\u00a0<i>La verdad sobre el caso Harry Quebert<\/i>, aborda un hecho de la Segunda Guerra Mundial que fue mantenido en secreto durante a\u00f1os, y demuestra, en esta novela ganadora del Premio de los Escritores Ginebrinos, su talento para crear una historia y unos personajes inolvidables.<\/p>\n<p><b>Lo que ha dicho la cr\u00edtica:<\/b><\/p>\n<p>\u00abUna lectura envolvente. Dicker no solo demuestra conocer a fondo el tema sino que se compromete con los personajes, se vuelve l\u00edrico. Transmite con fuerza el poder reconfortante de ese &#8216;nosotros&#8217; que surge en las horas cr\u00edticas de la historia\u00bb. &#8211; Emmanuel Gehrig,\u00a0<i>Le Temps<\/i><\/p>\n<p>&nbsp;<\/p>\n","protected":false},"excerpt":{"rendered":"<p>Jo\u00ebl Dicker<\/p>\n<p>408 p\u00e1ginas<\/p>\n","protected":false},"featured_media":6456,"template":"","meta":{"_joinchat":[]},"product_brand":[],"product_cat":[37],"product_tag":[34],"class_list":{"0":"post-6455","1":"product","2":"type-product","3":"status-publish","4":"has-post-thumbnail","6":"product_cat-misterio-y-thriller","7":"product_tag-penguin-random-house","9":"first","10":"outofstock","11":"shipping-taxable","12":"purchasable","13":"product-type-simple"},"_links":{"self":[{"href":"https:\/\/libreriahistoriasdebolsillo.com\/index.php\/wp-json\/wp\/v2\/product\/6455","targetHints":{"allow":["GET"]}}],"collection":[{"href":"https:\/\/libreriahistoriasdebolsillo.com\/index.php\/wp-json\/wp\/v2\/product"}],"about":[{"href":"https:\/\/libreriahistoriasdebolsillo.com\/index.php\/wp-json\/wp\/v2\/types\/product"}],"wp:featuredmedia":[{"embeddable":true,"href":"https:\/\/libreriahistoriasdebolsillo.com\/index.php\/wp-json\/wp\/v2\/media\/6456"}],"wp:attachment":[{"href":"https:\/\/libreriahistoriasdebolsillo.com\/index.php\/wp-json\/wp\/v2\/media?parent=6455"}],"wp:term":[{"taxonomy":"product_brand","embeddable":true,"href":"https:\/\/libreriahistoriasdebolsillo.com\/index.php\/wp-json\/wp\/v2\/product_brand?post=6455"},{"taxonomy":"product_cat","embeddable":true,"href":"https:\/\/libreriahistoriasdebolsillo.com\/index.php\/wp-json\/wp\/v2\/product_cat?post=6455"},{"taxonomy":"product_tag","embeddable":true,"href":"https:\/\/libreriahistoriasdebolsillo.com\/index.php\/wp-json\/wp\/v2\/product_tag?post=6455"}],"curies":[{"name":"wp","href":"https:\/\/api.w.org\/{rel}","templated":true}]}}