{"id":6457,"date":"2025-03-19T15:15:07","date_gmt":"2025-03-19T21:15:07","guid":{"rendered":"https:\/\/libreriahistoriasdebolsillo.com\/?post_type=product&#038;p=6457"},"modified":"2025-07-08T11:30:21","modified_gmt":"2025-07-08T17:30:21","slug":"6457","status":"publish","type":"product","link":"https:\/\/libreriahistoriasdebolsillo.com\/index.php\/producto\/6457\/","title":{"rendered":"Esta canci\u00f3n (no) es para ti"},"content":{"rendered":"<p><b>\u00abLA M\u00daSICA ES LO SEGUNDO M\u00c1S IMPORTANTE DEL MUNDO\u00bb.<\/b><\/p>\n<p><b>Ramona<\/b>\u00a0se enamor\u00f3 de\u00a0<b>Sam<\/b>\u00a0a primera vista. Es una de las pocas constantes en su vida, y su amistad es demasiado importante como para\u00a0<b>arriesgarla por un beso<\/b>.<\/p>\n<p>Sam est\u00e1 enamorado de Ramona, pero nunca esperar\u00eda que sus\u00a0<b>sentimientos<\/b>\u00a0fuesen correspondidos. Aun as\u00ed, son el complemento perfecto del otro, como amigos y como grupo musical.<\/p>\n<p>Y entonces aparece\u00a0<b>Tom<\/b>.<\/p>\n<p>Tom tambi\u00e9n es m\u00fasico, y es la pieza que faltaba en su banda. Pronto se convierten en\u00a0<b>un tr\u00edo inquebrantable<\/b>. Pero Ramona se est\u00e1 enamorando de Tom, y sigue sintiendo algo por Sam. \u00bfC\u00f3mo podr\u00e1 ser fiel a s\u00ed misma sin perder las relaciones que hacen que su coraz\u00f3n cante?<\/p>\n<p>Lo m\u00e1s importante es\u00a0<b>el amor<\/b>.<\/p>\n","protected":false},"excerpt":{"rendered":"<p>Laura Nowlin<\/p>\n<p>272 p\u00e1ginas<\/p>\n","protected":false},"featured_media":6458,"template":"","meta":{"_joinchat":[]},"product_brand":[],"product_cat":[70,35],"product_tag":[34],"class_list":{"0":"post-6457","1":"product","2":"type-product","3":"status-publish","4":"has-post-thumbnail","6":"product_cat-novedades","7":"product_cat-romantica","8":"product_tag-penguin-random-house","10":"first","11":"outofstock","12":"shipping-taxable","13":"purchasable","14":"product-type-simple"},"_links":{"self":[{"href":"https:\/\/libreriahistoriasdebolsillo.com\/index.php\/wp-json\/wp\/v2\/product\/6457","targetHints":{"allow":["GET"]}}],"collection":[{"href":"https:\/\/libreriahistoriasdebolsillo.com\/index.php\/wp-json\/wp\/v2\/product"}],"about":[{"href":"https:\/\/libreriahistoriasdebolsillo.com\/index.php\/wp-json\/wp\/v2\/types\/product"}],"wp:featuredmedia":[{"embeddable":true,"href":"https:\/\/libreriahistoriasdebolsillo.com\/index.php\/wp-json\/wp\/v2\/media\/6458"}],"wp:attachment":[{"href":"https:\/\/libreriahistoriasdebolsillo.com\/index.php\/wp-json\/wp\/v2\/media?parent=6457"}],"wp:term":[{"taxonomy":"product_brand","embeddable":true,"href":"https:\/\/libreriahistoriasdebolsillo.com\/index.php\/wp-json\/wp\/v2\/product_brand?post=6457"},{"taxonomy":"product_cat","embeddable":true,"href":"https:\/\/libreriahistoriasdebolsillo.com\/index.php\/wp-json\/wp\/v2\/product_cat?post=6457"},{"taxonomy":"product_tag","embeddable":true,"href":"https:\/\/libreriahistoriasdebolsillo.com\/index.php\/wp-json\/wp\/v2\/product_tag?post=6457"}],"curies":[{"name":"wp","href":"https:\/\/api.w.org\/{rel}","templated":true}]}}