{"id":6461,"date":"2025-03-19T15:21:49","date_gmt":"2025-03-19T21:21:49","guid":{"rendered":"https:\/\/libreriahistoriasdebolsillo.com\/?post_type=product&#038;p=6461"},"modified":"2025-07-08T11:29:34","modified_gmt":"2025-07-08T17:29:34","slug":"como-una-mujer-se-convierte-en-bruja-y-un-hombre-en-bestia","status":"publish","type":"product","link":"https:\/\/libreriahistoriasdebolsillo.com\/index.php\/producto\/como-una-mujer-se-convierte-en-bruja-y-un-hombre-en-bestia\/","title":{"rendered":"C\u00f3mo una mujer se convierte en bruja y un hombre en bestia"},"content":{"rendered":"<p><b>Hab\u00eda una vez una pareja feliz. Ella era amable, cari\u00f1osa; \u00e9l era atento, protector. Y aconteci\u00f3 que, mientras la vida segu\u00eda su curso, ella se transformaba lentamente en una bruja resentida y amargada; \u00e9l, en una bestia hostil e indiferente&#8230;<\/b><\/p>\n<p>\u00bfQu\u00e9 les sucedi\u00f3? \u00bfFueron acaso las v\u00edctimas de un desafortunado hechizo? \u00bfFue posible revertirlo y volver a ser quienes eran antes? \u00c9stas son sus historias&#8230;<\/p>\n<p>La relaci\u00f3n de pareja es una intensa experiencia de vida; puede ser una fuente de seguridad, compa\u00f1\u00eda y gozo, o de sufrimiento y amargura. En ella se manifiestan en su m\u00e1xima expresi\u00f3n los demonios y los \u00e1ngeles que cada uno lleva dentro.<\/p>\n<p><i>C\u00f3mo una mujer se convierte en bruja y un hombre en bestia\u00a0<\/i>es un espejo de las principales actitudes que podemos tomar y que destruyen la relaci\u00f3n, como por ejemplo, la soberbia que termina por anular al otro; la infidelidad que carcome la base de la confianza; el control y la violencia que aniquilan al amor, entre muchas otras que Martha Alicia Ch\u00e1vez nos invita a explorar. A lo largo de esta enriquecedora reflexi\u00f3n nos ofrece una descripci\u00f3n de las distintas tipolog\u00edas de las parejas, tomando como base casos de su pr\u00e1ctica profesional y nos ense\u00f1a las posibilidades, las nuevas conductas que podemos adoptar para romper con los patrones de destrucci\u00f3n y reconstruir la relaci\u00f3n&#8230; si as\u00ed lo deseamos.<\/p>\n","protected":false},"excerpt":{"rendered":"<p>Martha Alicia Chavez<\/p>\n<p>264 p\u00e1ginas<\/p>\n","protected":false},"featured_media":6462,"template":"","meta":{"_joinchat":[]},"product_brand":[],"product_cat":[58,41,70],"product_tag":[34],"class_list":{"0":"post-6461","1":"product","2":"type-product","3":"status-publish","4":"has-post-thumbnail","6":"product_cat-desarrollo-humano-y-superacion","7":"product_cat-desarrollo-humano","8":"product_cat-novedades","9":"product_tag-penguin-random-house","11":"first","12":"outofstock","13":"shipping-taxable","14":"purchasable","15":"product-type-simple"},"_links":{"self":[{"href":"https:\/\/libreriahistoriasdebolsillo.com\/index.php\/wp-json\/wp\/v2\/product\/6461","targetHints":{"allow":["GET"]}}],"collection":[{"href":"https:\/\/libreriahistoriasdebolsillo.com\/index.php\/wp-json\/wp\/v2\/product"}],"about":[{"href":"https:\/\/libreriahistoriasdebolsillo.com\/index.php\/wp-json\/wp\/v2\/types\/product"}],"wp:featuredmedia":[{"embeddable":true,"href":"https:\/\/libreriahistoriasdebolsillo.com\/index.php\/wp-json\/wp\/v2\/media\/6462"}],"wp:attachment":[{"href":"https:\/\/libreriahistoriasdebolsillo.com\/index.php\/wp-json\/wp\/v2\/media?parent=6461"}],"wp:term":[{"taxonomy":"product_brand","embeddable":true,"href":"https:\/\/libreriahistoriasdebolsillo.com\/index.php\/wp-json\/wp\/v2\/product_brand?post=6461"},{"taxonomy":"product_cat","embeddable":true,"href":"https:\/\/libreriahistoriasdebolsillo.com\/index.php\/wp-json\/wp\/v2\/product_cat?post=6461"},{"taxonomy":"product_tag","embeddable":true,"href":"https:\/\/libreriahistoriasdebolsillo.com\/index.php\/wp-json\/wp\/v2\/product_tag?post=6461"}],"curies":[{"name":"wp","href":"https:\/\/api.w.org\/{rel}","templated":true}]}}