{"id":6467,"date":"2025-03-19T15:31:10","date_gmt":"2025-03-19T21:31:10","guid":{"rendered":"https:\/\/libreriahistoriasdebolsillo.com\/?post_type=product&#038;p=6467"},"modified":"2025-08-11T10:04:34","modified_gmt":"2025-08-11T16:04:34","slug":"las-leyes-del-poder","status":"publish","type":"product","link":"https:\/\/libreriahistoriasdebolsillo.com\/index.php\/producto\/las-leyes-del-poder\/","title":{"rendered":"Las leyes del poder"},"content":{"rendered":"<p><b>DESCUBRE LAS LEYES QUE TRANSFORMAR\u00c1N TU VIDA Y TE GUIAR\u00c1N PASO A PASO HACIA EL \u00c9XITO, LA FELICIDAD Y LA AUTORREALIZACI\u00d3N.<\/b><\/p>\n<p>Desde la antig\u00fcedad, los sabios han aplicado ciertos principios para alcanzar metas extraordinarias y modificar el mundo. Ahora, el autor bestseller y experto en desarrollo humano,\u00a0<b>Brian Tracy<\/b>, re\u00fane estas\u00a0<b>leyes universales<\/b>\u00a0en un libro esencial que puede cambiar tu existencia. Estos principios del \u00e9xito son tan eficientes, eternos e inmutables como las\u00a0<b>leyes f\u00edsicas<\/b>\u00a0que rigen el universo. Se aplican a cualquier persona que los siga y funcionan en casi todas las\u00a0<b>\u00e1reas de la vida<\/b>. Con un enfoque claro y pr\u00e1ctico aprender\u00e1s a usar las leyes de la correspondencia, causa y efecto, atracci\u00f3n, concentraci\u00f3n, actividad subconsciente y muchas otras para alcanzar metas que hoy te pueden parecer inalcanzables.<\/p>\n<p>En\u00a0<i><b>Las leyes del poder<\/b><\/i>\u00a0descubrir\u00e1s los principios que rigen:<\/p>\n<p>El \u00e9xito<\/p>\n<p>Los logros<\/p>\n<p>La felicidad<\/p>\n<p>El dinero<\/p>\n<p>La riqueza<\/p>\n<p>Las relaciones<\/p>\n<p>La autorrealizaci\u00f3n<\/p>\n<p>Si buscas una f\u00f3rmula garantizada para el \u00e9xito, este libro es tu gu\u00eda definitiva.<\/p>\n","protected":false},"excerpt":{"rendered":"<p>Brian Tracy<\/p>\n<p>320 p\u00e1ginas<\/p>\n","protected":false},"featured_media":6468,"template":"","meta":{"_joinchat":[]},"product_brand":[],"product_cat":[58,70],"product_tag":[34],"class_list":{"0":"post-6467","1":"product","2":"type-product","3":"status-publish","4":"has-post-thumbnail","6":"product_cat-desarrollo-humano-y-superacion","7":"product_cat-novedades","8":"product_tag-penguin-random-house","10":"first","11":"outofstock","12":"shipping-taxable","13":"purchasable","14":"product-type-simple"},"_links":{"self":[{"href":"https:\/\/libreriahistoriasdebolsillo.com\/index.php\/wp-json\/wp\/v2\/product\/6467","targetHints":{"allow":["GET"]}}],"collection":[{"href":"https:\/\/libreriahistoriasdebolsillo.com\/index.php\/wp-json\/wp\/v2\/product"}],"about":[{"href":"https:\/\/libreriahistoriasdebolsillo.com\/index.php\/wp-json\/wp\/v2\/types\/product"}],"wp:featuredmedia":[{"embeddable":true,"href":"https:\/\/libreriahistoriasdebolsillo.com\/index.php\/wp-json\/wp\/v2\/media\/6468"}],"wp:attachment":[{"href":"https:\/\/libreriahistoriasdebolsillo.com\/index.php\/wp-json\/wp\/v2\/media?parent=6467"}],"wp:term":[{"taxonomy":"product_brand","embeddable":true,"href":"https:\/\/libreriahistoriasdebolsillo.com\/index.php\/wp-json\/wp\/v2\/product_brand?post=6467"},{"taxonomy":"product_cat","embeddable":true,"href":"https:\/\/libreriahistoriasdebolsillo.com\/index.php\/wp-json\/wp\/v2\/product_cat?post=6467"},{"taxonomy":"product_tag","embeddable":true,"href":"https:\/\/libreriahistoriasdebolsillo.com\/index.php\/wp-json\/wp\/v2\/product_tag?post=6467"}],"curies":[{"name":"wp","href":"https:\/\/api.w.org\/{rel}","templated":true}]}}