{"id":6469,"date":"2025-03-19T15:35:43","date_gmt":"2025-03-19T21:35:43","guid":{"rendered":"https:\/\/libreriahistoriasdebolsillo.com\/?post_type=product&#038;p=6469"},"modified":"2025-07-08T11:28:41","modified_gmt":"2025-07-08T17:28:41","slug":"mitos-egipcios-tapa-dura","status":"publish","type":"product","link":"https:\/\/libreriahistoriasdebolsillo.com\/index.php\/producto\/mitos-egipcios-tapa-dura\/","title":{"rendered":"Mitos egipcios (Tapa dura)"},"content":{"rendered":"<p><b>Ad\u00e9ntrate en un mundo incre\u00edble lleno de criaturas monstruosas, hechizos m\u00e1gicos y dioses guerreros.<\/b><\/p>\n<p><b>Emocionantes leyendas<\/b>\u00a0junto con\u00a0<b>amena informaci\u00f3n hist\u00f3rica<\/b>, este libro es una introducci\u00f3n imprescindible a una de las grandes civilizaciones del mundo.<\/p>\n<p>Con\u00a0<b>preciosas ilustraciones<\/b>\u00a0de la artista ganadora de m\u00faltiples premios Katie Ponder.<\/p>\n<p>Desde la creaci\u00f3n del mundo hasta los primeros faraones, este libro recorre la\u00a0<b>mitolog\u00eda del antiguo Egipto<\/b>, revelando elementos fascinantes de la cultura y la religi\u00f3n.<\/p>\n<p>Las fascinantes historias presentan\u00a0<b>dioses poderosos<\/b>\u00a0y\u00a0<b>villanos malvados<\/b>. Adem\u00e1s, conocer\u00e1s datos interesantes sobre los antiguos egipcios. Descubre c\u00f3mo Ra libr\u00f3 batallas diarias para hacer salir el Sol, c\u00f3mo Set trajo el caos al reino y c\u00f3mo Osiris se convirti\u00f3 en la primera momia.<\/p>\n<p>Este libro contiene\u00a0<b>fascinantes narraciones<\/b>\u00a0de los mitos m\u00e1s conocidos, adem\u00e1s de algunos que quiz\u00e1 no conozcas.<\/p>\n<p>Es hora de sumergirse en el inframundo de la Duat, viajar hacia el cielo a lomos de la vaca celestial y descubrir los secretos de las tumbas de los faraones.\u00a0<i>Mitos egipcios\u00a0<\/i>da vida al mundo del antiguo Egipto y es el\u00a0<b>regalo perfecto<\/b>\u00a0para los ni\u00f1os que aman la historia y la mitolog\u00eda.<\/p>\n","protected":false},"excerpt":{"rendered":"<p>Jean Menzies<\/p>\n<p>144 p\u00e1ginas<\/p>\n","protected":false},"featured_media":6470,"template":"","meta":{"_joinchat":[]},"product_brand":[],"product_cat":[75,41,70],"product_tag":[34],"class_list":{"0":"post-6469","1":"product","2":"type-product","3":"status-publish","4":"has-post-thumbnail","6":"product_cat-mitologia","7":"product_cat-desarrollo-humano","8":"product_cat-novedades","9":"product_tag-penguin-random-house","11":"first","12":"outofstock","13":"shipping-taxable","14":"purchasable","15":"product-type-simple"},"_links":{"self":[{"href":"https:\/\/libreriahistoriasdebolsillo.com\/index.php\/wp-json\/wp\/v2\/product\/6469","targetHints":{"allow":["GET"]}}],"collection":[{"href":"https:\/\/libreriahistoriasdebolsillo.com\/index.php\/wp-json\/wp\/v2\/product"}],"about":[{"href":"https:\/\/libreriahistoriasdebolsillo.com\/index.php\/wp-json\/wp\/v2\/types\/product"}],"wp:featuredmedia":[{"embeddable":true,"href":"https:\/\/libreriahistoriasdebolsillo.com\/index.php\/wp-json\/wp\/v2\/media\/6470"}],"wp:attachment":[{"href":"https:\/\/libreriahistoriasdebolsillo.com\/index.php\/wp-json\/wp\/v2\/media?parent=6469"}],"wp:term":[{"taxonomy":"product_brand","embeddable":true,"href":"https:\/\/libreriahistoriasdebolsillo.com\/index.php\/wp-json\/wp\/v2\/product_brand?post=6469"},{"taxonomy":"product_cat","embeddable":true,"href":"https:\/\/libreriahistoriasdebolsillo.com\/index.php\/wp-json\/wp\/v2\/product_cat?post=6469"},{"taxonomy":"product_tag","embeddable":true,"href":"https:\/\/libreriahistoriasdebolsillo.com\/index.php\/wp-json\/wp\/v2\/product_tag?post=6469"}],"curies":[{"name":"wp","href":"https:\/\/api.w.org\/{rel}","templated":true}]}}