{"id":6473,"date":"2025-03-25T17:22:33","date_gmt":"2025-03-25T23:22:33","guid":{"rendered":"https:\/\/libreriahistoriasdebolsillo.com\/?post_type=product&#038;p=6473"},"modified":"2025-09-23T10:44:49","modified_gmt":"2025-09-23T16:44:49","slug":"el-conde-de-montecristo-2","status":"publish","type":"product","link":"https:\/\/libreriahistoriasdebolsillo.com\/index.php\/producto\/el-conde-de-montecristo-2\/","title":{"rendered":"El Conde De Montecristo"},"content":{"rendered":"<p>Una terrible injusticia se comete con un joven cuyo \u00fanico sue\u00f1o era ser capit\u00e1n de un barco y casarse con su bella<br \/>\nnovia catalana, lo cual deriva en una trama cargada de intrigas y aventuras, que sigue cautivando a los lectores aun cuando fue escrita hace m\u00e1s de doscientos a\u00f1os. Quien no conozca a Edmundo Dant\u00e9s se identificar\u00e1 enseguida con su tragedia; mientras que quien ya este familiarizado con sus peripecias se sentir\u00e1 de nuevo atrapado por el hechizo que emana de la obra inmortal de Alexandre Dumas.<br \/>\nEdmundo Dant\u00e9s es un marinero joven y exitoso, enamorado de Mercedes, con quien ha venido a casarse a Marsella, aunque desconoce que la envidia lo circunda en silencio. Acusado de ser un agente bonapartista, ser\u00e1 encarcelado sin juicio previo en la isla If, de donde nadie sale vivo, y en este lugar encontrar\u00e1 al Abad Faria, quien le revelar\u00e1 todo un mundo de sabidur\u00eda, as\u00ed como quienes lo han traicionado y cu\u00e1les fueron sus motivos. Una novela que muestra el enga\u00f1o, las posibilidades de la venganza y los frutos de la paciencia.<\/p>\n","protected":false},"excerpt":{"rendered":"<p>Alexandre Dumas<\/p>\n<p>688 p\u00e1ginas<\/p>\n","protected":false},"featured_media":6474,"template":"","meta":{"_joinchat":[]},"product_brand":[],"product_cat":[42,51],"product_tag":[47],"class_list":{"0":"post-6473","1":"product","2":"type-product","3":"status-publish","4":"has-post-thumbnail","6":"product_cat-literatura-clasica","7":"product_cat-oferta","8":"product_tag-editories-mexicanos-unidos","10":"first","11":"outofstock","12":"sale","13":"shipping-taxable","14":"purchasable","15":"product-type-simple"},"_links":{"self":[{"href":"https:\/\/libreriahistoriasdebolsillo.com\/index.php\/wp-json\/wp\/v2\/product\/6473","targetHints":{"allow":["GET"]}}],"collection":[{"href":"https:\/\/libreriahistoriasdebolsillo.com\/index.php\/wp-json\/wp\/v2\/product"}],"about":[{"href":"https:\/\/libreriahistoriasdebolsillo.com\/index.php\/wp-json\/wp\/v2\/types\/product"}],"wp:featuredmedia":[{"embeddable":true,"href":"https:\/\/libreriahistoriasdebolsillo.com\/index.php\/wp-json\/wp\/v2\/media\/6474"}],"wp:attachment":[{"href":"https:\/\/libreriahistoriasdebolsillo.com\/index.php\/wp-json\/wp\/v2\/media?parent=6473"}],"wp:term":[{"taxonomy":"product_brand","embeddable":true,"href":"https:\/\/libreriahistoriasdebolsillo.com\/index.php\/wp-json\/wp\/v2\/product_brand?post=6473"},{"taxonomy":"product_cat","embeddable":true,"href":"https:\/\/libreriahistoriasdebolsillo.com\/index.php\/wp-json\/wp\/v2\/product_cat?post=6473"},{"taxonomy":"product_tag","embeddable":true,"href":"https:\/\/libreriahistoriasdebolsillo.com\/index.php\/wp-json\/wp\/v2\/product_tag?post=6473"}],"curies":[{"name":"wp","href":"https:\/\/api.w.org\/{rel}","templated":true}]}}