{"id":6475,"date":"2025-03-25T17:24:31","date_gmt":"2025-03-25T23:24:31","guid":{"rendered":"https:\/\/libreriahistoriasdebolsillo.com\/?post_type=product&#038;p=6475"},"modified":"2025-08-09T12:01:32","modified_gmt":"2025-08-09T18:01:32","slug":"dialogos","status":"publish","type":"product","link":"https:\/\/libreriahistoriasdebolsillo.com\/index.php\/producto\/dialogos\/","title":{"rendered":"Di\u00e1logos"},"content":{"rendered":"<p>Escrita en forma de di\u00e1logo, esta obra del extraordinario fil\u00f3sofo griego Plat\u00f3n ha perdurado durante m\u00e1s de dos milenios porque contiene ideas y reflexiones que tocan lo m\u00e1s \u00edntimo del pensamiento y la existencia humana mediante una narrativa bella y profunda.<br \/>\nLos di\u00e1logos que se re\u00fanen en este libro abordan temas diversos como el amor, la virtud, el deber, las ideas, la actitud del hombre ante la muerte, el alma y la inmortalidad. As\u00ed pues, esta apasionante obra de Plat\u00f3n es imprescindible para conocernos y conocer a los otros.<\/p>\n","protected":false},"excerpt":{"rendered":"<p>Plat\u00f3n<\/p>\n<p>512 p\u00e1ginas<\/p>\n","protected":false},"featured_media":6476,"template":"","meta":{"_joinchat":[]},"product_brand":[],"product_cat":[42,51],"product_tag":[47],"class_list":{"0":"post-6475","1":"product","2":"type-product","3":"status-publish","4":"has-post-thumbnail","6":"product_cat-literatura-clasica","7":"product_cat-oferta","8":"product_tag-editories-mexicanos-unidos","10":"first","11":"outofstock","12":"sale","13":"shipping-taxable","14":"purchasable","15":"product-type-simple"},"_links":{"self":[{"href":"https:\/\/libreriahistoriasdebolsillo.com\/index.php\/wp-json\/wp\/v2\/product\/6475","targetHints":{"allow":["GET"]}}],"collection":[{"href":"https:\/\/libreriahistoriasdebolsillo.com\/index.php\/wp-json\/wp\/v2\/product"}],"about":[{"href":"https:\/\/libreriahistoriasdebolsillo.com\/index.php\/wp-json\/wp\/v2\/types\/product"}],"wp:featuredmedia":[{"embeddable":true,"href":"https:\/\/libreriahistoriasdebolsillo.com\/index.php\/wp-json\/wp\/v2\/media\/6476"}],"wp:attachment":[{"href":"https:\/\/libreriahistoriasdebolsillo.com\/index.php\/wp-json\/wp\/v2\/media?parent=6475"}],"wp:term":[{"taxonomy":"product_brand","embeddable":true,"href":"https:\/\/libreriahistoriasdebolsillo.com\/index.php\/wp-json\/wp\/v2\/product_brand?post=6475"},{"taxonomy":"product_cat","embeddable":true,"href":"https:\/\/libreriahistoriasdebolsillo.com\/index.php\/wp-json\/wp\/v2\/product_cat?post=6475"},{"taxonomy":"product_tag","embeddable":true,"href":"https:\/\/libreriahistoriasdebolsillo.com\/index.php\/wp-json\/wp\/v2\/product_tag?post=6475"}],"curies":[{"name":"wp","href":"https:\/\/api.w.org\/{rel}","templated":true}]}}