{"id":6477,"date":"2025-03-25T17:26:49","date_gmt":"2025-03-25T23:26:49","guid":{"rendered":"https:\/\/libreriahistoriasdebolsillo.com\/?post_type=product&#038;p=6477"},"modified":"2025-04-23T15:39:21","modified_gmt":"2025-04-23T21:39:21","slug":"los-120-dias-de-sodoma","status":"publish","type":"product","link":"https:\/\/libreriahistoriasdebolsillo.com\/index.php\/producto\/los-120-dias-de-sodoma\/","title":{"rendered":"Los 120 d\u00edas de Sodoma"},"content":{"rendered":"<p>Los 120 d\u00edas de Sodoma, la obra cumbre del Marqu\u00e9s de Sade, sirvi\u00f3 de inspiraci\u00f3n para el Sal\u00f3 de Pasolini y supone un hito en la literatura er\u00f3tica, as\u00ed como en la universal. El lector sentir\u00e1 una inquietante fascinaci\u00f3n ante el despliegue de la ruptura, minuciosa y sistem\u00e1tica, de todas las convenciones y prohibiciones sociales y familiares en materia sexual y moral: cualquier acto, por aberrante que parezca, est\u00e1 permitido, y todo se realiza ante sus ojos. Los 120 d\u00edas de Sodoma es el mejor testimonio del abanico de posibilidades de la perversi\u00f3n y la crueldad humana, poniendo especial atenci\u00f3n en la lujuria y llev\u00e1ndola a niveles extremos.<br \/>\nLa obra del Marqu\u00e9s de Sade es un viaje hacia los regodeos m\u00e1s oscuros y malignos de la humanidad, incluyendo sodomizaci\u00f3n, coprofilia y cr\u00edmenes en medio del acto sexual, entre otros.<\/p>\n","protected":false},"excerpt":{"rendered":"<p>Marqu\u00e9s de Sade<\/p>\n<p>466 p\u00e1ginas<\/p>\n","protected":false},"featured_media":6478,"template":"","meta":{"_joinchat":[]},"product_brand":[],"product_cat":[42,51],"product_tag":[47],"class_list":{"0":"post-6477","1":"product","2":"type-product","3":"status-publish","4":"has-post-thumbnail","6":"product_cat-literatura-clasica","7":"product_cat-oferta","8":"product_tag-editories-mexicanos-unidos","10":"first","11":"instock","12":"sale","13":"shipping-taxable","14":"purchasable","15":"product-type-simple"},"_links":{"self":[{"href":"https:\/\/libreriahistoriasdebolsillo.com\/index.php\/wp-json\/wp\/v2\/product\/6477","targetHints":{"allow":["GET"]}}],"collection":[{"href":"https:\/\/libreriahistoriasdebolsillo.com\/index.php\/wp-json\/wp\/v2\/product"}],"about":[{"href":"https:\/\/libreriahistoriasdebolsillo.com\/index.php\/wp-json\/wp\/v2\/types\/product"}],"wp:featuredmedia":[{"embeddable":true,"href":"https:\/\/libreriahistoriasdebolsillo.com\/index.php\/wp-json\/wp\/v2\/media\/6478"}],"wp:attachment":[{"href":"https:\/\/libreriahistoriasdebolsillo.com\/index.php\/wp-json\/wp\/v2\/media?parent=6477"}],"wp:term":[{"taxonomy":"product_brand","embeddable":true,"href":"https:\/\/libreriahistoriasdebolsillo.com\/index.php\/wp-json\/wp\/v2\/product_brand?post=6477"},{"taxonomy":"product_cat","embeddable":true,"href":"https:\/\/libreriahistoriasdebolsillo.com\/index.php\/wp-json\/wp\/v2\/product_cat?post=6477"},{"taxonomy":"product_tag","embeddable":true,"href":"https:\/\/libreriahistoriasdebolsillo.com\/index.php\/wp-json\/wp\/v2\/product_tag?post=6477"}],"curies":[{"name":"wp","href":"https:\/\/api.w.org\/{rel}","templated":true}]}}