{"id":6479,"date":"2025-03-25T17:28:56","date_gmt":"2025-03-25T23:28:56","guid":{"rendered":"https:\/\/libreriahistoriasdebolsillo.com\/?post_type=product&#038;p=6479"},"modified":"2025-12-23T14:49:54","modified_gmt":"2025-12-23T20:49:54","slug":"la-iliada","status":"publish","type":"product","link":"https:\/\/libreriahistoriasdebolsillo.com\/index.php\/producto\/la-iliada\/","title":{"rendered":"La Il\u00edada"},"content":{"rendered":"<p>Hace mucho tiempo, cuando la humanidad, los dioses y las diosas conviv\u00edan de una manera muy cercana, sucedi\u00f3 una de las m\u00e1s grandes y famosas batallas de la historia: La guerra de Troya; y es justo la Il\u00edada, un poema \u00e9pico \u00fanico, que relata este gran acontecimiento, dejando una huella en la cultura universal; donde h\u00e9roes, hombres, dioses y diosas, or\u00e1culos, guerreros, reyes y reinas, princesas, y mucho m\u00e1s, tejen sus destinos, tal como fueron escritos.<\/p>\n<p>De hecho, en la Antigua Grecia, era costumbre que las historias memorables, dignas de ser recordadas, eran contadas y distribuidas por los rapsodas, y justamente se dice que quien recopil\u00f3 todas las leyendas sobre La guerra de Troya para cantarlas en un s\u00f3lo poema fue Homero, una figura hist\u00f3rica que se convertir\u00eda en el ep\u00edtome del poeta hasta el d\u00eda de hoy.<\/p>\n","protected":false},"excerpt":{"rendered":"<p>Homero<\/p>\n<p>442 p\u00e1ginas<\/p>\n","protected":false},"featured_media":6480,"template":"","meta":{"_joinchat":[]},"product_brand":[],"product_cat":[42,51],"product_tag":[47],"class_list":{"0":"post-6479","1":"product","2":"type-product","3":"status-publish","4":"has-post-thumbnail","6":"product_cat-literatura-clasica","7":"product_cat-oferta","8":"product_tag-editories-mexicanos-unidos","10":"first","11":"outofstock","12":"shipping-taxable","13":"purchasable","14":"product-type-simple"},"_links":{"self":[{"href":"https:\/\/libreriahistoriasdebolsillo.com\/index.php\/wp-json\/wp\/v2\/product\/6479","targetHints":{"allow":["GET"]}}],"collection":[{"href":"https:\/\/libreriahistoriasdebolsillo.com\/index.php\/wp-json\/wp\/v2\/product"}],"about":[{"href":"https:\/\/libreriahistoriasdebolsillo.com\/index.php\/wp-json\/wp\/v2\/types\/product"}],"wp:featuredmedia":[{"embeddable":true,"href":"https:\/\/libreriahistoriasdebolsillo.com\/index.php\/wp-json\/wp\/v2\/media\/6480"}],"wp:attachment":[{"href":"https:\/\/libreriahistoriasdebolsillo.com\/index.php\/wp-json\/wp\/v2\/media?parent=6479"}],"wp:term":[{"taxonomy":"product_brand","embeddable":true,"href":"https:\/\/libreriahistoriasdebolsillo.com\/index.php\/wp-json\/wp\/v2\/product_brand?post=6479"},{"taxonomy":"product_cat","embeddable":true,"href":"https:\/\/libreriahistoriasdebolsillo.com\/index.php\/wp-json\/wp\/v2\/product_cat?post=6479"},{"taxonomy":"product_tag","embeddable":true,"href":"https:\/\/libreriahistoriasdebolsillo.com\/index.php\/wp-json\/wp\/v2\/product_tag?post=6479"}],"curies":[{"name":"wp","href":"https:\/\/api.w.org\/{rel}","templated":true}]}}