{"id":648,"date":"2023-11-20T12:14:05","date_gmt":"2023-11-20T18:14:05","guid":{"rendered":"https:\/\/libreriahistoriasdebolsillo.com\/?post_type=product&#038;p=648"},"modified":"2026-03-12T18:27:20","modified_gmt":"2026-03-13T00:27:20","slug":"y-si-fueramos-nosotros","status":"publish","type":"product","link":"https:\/\/libreriahistoriasdebolsillo.com\/index.php\/producto\/y-si-fueramos-nosotros\/","title":{"rendered":"\u00bfY si fu\u00e9ramos nosotros?"},"content":{"rendered":"<p>Arthur est\u00e1 en Nueva York solo por el verano, pero si Broadway le ha ense\u00f1ado algo es que el universo te puede enviar un impresionante romance cuando menos te lo esperas.<\/p>\n<p>Ben piensa que el universo debe ocuparse de sus propios asuntos. Si el universo lo apoyara, no estar\u00eda en camino a la oficina del correo llevando una caja con las pertenencias de su exnovio.<\/p>\n<p>Pero cuando Ben y Arthur se encuentran en el correo, \u00bfqu\u00e9 es exactamente lo que el universo les tiene reservado?<\/p>\n<p>Tal vez nada. Al fin y al cabo, se separan.<\/p>\n<p>Tal vez todo. Al fin y al cabo, se re\u00fanen.<\/p>\n<p>Pero \u00bfqu\u00e9 sucede si no pueden lograr una primera cita exitosa\u2026 o una segunda\u2026 o una tercera?<\/p>\n<p>\u00bfQu\u00e9 sucede si Arthur se esfuerza demasiado para hacerlo funcionar\u2026 y Ben no se esfuerza lo suficiente?<\/p>\n<p>\u00bfQu\u00e9 sucede si la vida no es realmente como una obra de Broadway?<\/p>\n<p>Pero \u00bfy si lo es?<\/p>\n<p><span class=\"a-text-italic\">Una novela en coautor\u00eda por los dos autores juveniles del momento Becky Albertalli (Yo, Sim\u00f3n, homo sapiens) y Adam Silvera (Al final mueren los dos).<\/span><\/p>\n<p><span class=\"a-text-italic\">-Una historia divertida, ir\u00f3nica y emotiva como solo Silvera y Albertalli pueden lograr.<\/span><\/p>\n","protected":false},"excerpt":{"rendered":"<p>Adam Silvera y Becky Albertalli<\/p>\n","protected":false},"featured_media":649,"template":"","meta":{"_joinchat":[]},"product_brand":[],"product_cat":[38],"product_tag":[46],"class_list":{"0":"post-648","1":"product","2":"type-product","3":"status-publish","4":"has-post-thumbnail","6":"product_cat-lgbtq","7":"product_tag-ediciones-urano","9":"first","10":"outofstock","11":"shipping-taxable","12":"purchasable","13":"product-type-simple"},"_links":{"self":[{"href":"https:\/\/libreriahistoriasdebolsillo.com\/index.php\/wp-json\/wp\/v2\/product\/648","targetHints":{"allow":["GET"]}}],"collection":[{"href":"https:\/\/libreriahistoriasdebolsillo.com\/index.php\/wp-json\/wp\/v2\/product"}],"about":[{"href":"https:\/\/libreriahistoriasdebolsillo.com\/index.php\/wp-json\/wp\/v2\/types\/product"}],"wp:featuredmedia":[{"embeddable":true,"href":"https:\/\/libreriahistoriasdebolsillo.com\/index.php\/wp-json\/wp\/v2\/media\/649"}],"wp:attachment":[{"href":"https:\/\/libreriahistoriasdebolsillo.com\/index.php\/wp-json\/wp\/v2\/media?parent=648"}],"wp:term":[{"taxonomy":"product_brand","embeddable":true,"href":"https:\/\/libreriahistoriasdebolsillo.com\/index.php\/wp-json\/wp\/v2\/product_brand?post=648"},{"taxonomy":"product_cat","embeddable":true,"href":"https:\/\/libreriahistoriasdebolsillo.com\/index.php\/wp-json\/wp\/v2\/product_cat?post=648"},{"taxonomy":"product_tag","embeddable":true,"href":"https:\/\/libreriahistoriasdebolsillo.com\/index.php\/wp-json\/wp\/v2\/product_tag?post=648"}],"curies":[{"name":"wp","href":"https:\/\/api.w.org\/{rel}","templated":true}]}}