{"id":6483,"date":"2025-03-25T17:32:12","date_gmt":"2025-03-25T23:32:12","guid":{"rendered":"https:\/\/libreriahistoriasdebolsillo.com\/?post_type=product&#038;p=6483"},"modified":"2025-11-20T11:44:40","modified_gmt":"2025-11-20T17:44:40","slug":"ecce-homo","status":"publish","type":"product","link":"https:\/\/libreriahistoriasdebolsillo.com\/index.php\/producto\/ecce-homo\/","title":{"rendered":"Ecce homo"},"content":{"rendered":"<p>Los t\u00f3picos que propone Friedrich Nietzsche a lo largo de su obra hoy se estudian bajo una nueva mirada. En el caso de la disciplina filos\u00f3fica resurgen los grandes genios y, bajo un contexto de paradigmas inimaginables para el autor, a caso el fin ulterior del libro, por fin sea comprendido.<\/p>\n<p>El pueblo es un reba\u00f1o imb\u00e9cil, escribi\u00f3 en su momento Maupassant y tal vez hemos evolucionado hacia el hic et nunc, \u201caqu\u00ed y ahora\u201d, la m\u00e1xima latina que gui\u00f3 a Nietzsche en su aislamiento.<\/p>\n<p>Ecce Homo resulta una lectura inquietante, ya que es un libro que trata de resumir la obra del fil\u00f3sofo desde la autobiograf\u00eda, y resulta sorprendente el tono ameno con el que se leen las p\u00e1ginas y la facilidad con la que se ingiere el veneno de su conocimiento. La explicaci\u00f3n final no convierte a la lectura del texto en un acto m\u00e1s digerible o amable, pero s\u00ed m\u00e1s luminoso en la creaci\u00f3n del hombre que \u201cdiga s\u00ed a la vida\u201d, en la construcci\u00f3n de un mundo que no sea producto de la mentira sino del ser libre que dise\u00f1a su propia vida y produce una realidad promisora y humana.<\/p>\n","protected":false},"excerpt":{"rendered":"<p>Friedrich Nietzsche<\/p>\n<p>96 p\u00e1ginas<\/p>\n","protected":false},"featured_media":6484,"template":"","meta":{"_joinchat":[]},"product_brand":[],"product_cat":[42,51],"product_tag":[47],"class_list":{"0":"post-6483","1":"product","2":"type-product","3":"status-publish","4":"has-post-thumbnail","6":"product_cat-literatura-clasica","7":"product_cat-oferta","8":"product_tag-editories-mexicanos-unidos","10":"first","11":"outofstock","12":"shipping-taxable","13":"purchasable","14":"product-type-simple"},"_links":{"self":[{"href":"https:\/\/libreriahistoriasdebolsillo.com\/index.php\/wp-json\/wp\/v2\/product\/6483","targetHints":{"allow":["GET"]}}],"collection":[{"href":"https:\/\/libreriahistoriasdebolsillo.com\/index.php\/wp-json\/wp\/v2\/product"}],"about":[{"href":"https:\/\/libreriahistoriasdebolsillo.com\/index.php\/wp-json\/wp\/v2\/types\/product"}],"wp:featuredmedia":[{"embeddable":true,"href":"https:\/\/libreriahistoriasdebolsillo.com\/index.php\/wp-json\/wp\/v2\/media\/6484"}],"wp:attachment":[{"href":"https:\/\/libreriahistoriasdebolsillo.com\/index.php\/wp-json\/wp\/v2\/media?parent=6483"}],"wp:term":[{"taxonomy":"product_brand","embeddable":true,"href":"https:\/\/libreriahistoriasdebolsillo.com\/index.php\/wp-json\/wp\/v2\/product_brand?post=6483"},{"taxonomy":"product_cat","embeddable":true,"href":"https:\/\/libreriahistoriasdebolsillo.com\/index.php\/wp-json\/wp\/v2\/product_cat?post=6483"},{"taxonomy":"product_tag","embeddable":true,"href":"https:\/\/libreriahistoriasdebolsillo.com\/index.php\/wp-json\/wp\/v2\/product_tag?post=6483"}],"curies":[{"name":"wp","href":"https:\/\/api.w.org\/{rel}","templated":true}]}}