{"id":6485,"date":"2025-03-25T17:33:54","date_gmt":"2025-03-25T23:33:54","guid":{"rendered":"https:\/\/libreriahistoriasdebolsillo.com\/?post_type=product&#038;p=6485"},"modified":"2026-03-14T11:53:24","modified_gmt":"2026-03-14T17:53:24","slug":"el-principito-2","status":"publish","type":"product","link":"https:\/\/libreriahistoriasdebolsillo.com\/index.php\/producto\/el-principito-2\/","title":{"rendered":"El principito"},"content":{"rendered":"<p>El Principito pasa sus d\u00edas quitando los baobabs que intentan echar ra\u00edces en su hogar, el asteroide B-612, pues podr\u00edan partirlo en pedazos. Pero un d\u00eda decide explorar otros mundos. Entonces visita seis planetas, cada uno habitado por un personaje distinto, que le mostrar\u00e1 lo vac\u00edas que se vuelven las personas conforme pasan los a\u00f1os.<br \/>\nEsta obra es una denuncia contra el mundo de los adultos y una sociedad que se ha olvidado de las cosas importantes de la vida.<\/p>\n","protected":false},"excerpt":{"rendered":"<p>Antoine de Saint-Exupery<\/p>\n<p>96 p\u00e1ginas<\/p>\n","protected":false},"featured_media":6486,"template":"","meta":{"_joinchat":[]},"product_brand":[],"product_cat":[42,51],"product_tag":[47],"class_list":{"0":"post-6485","1":"product","2":"type-product","3":"status-publish","4":"has-post-thumbnail","6":"product_cat-literatura-clasica","7":"product_cat-oferta","8":"product_tag-editories-mexicanos-unidos","10":"first","11":"outofstock","12":"shipping-taxable","13":"purchasable","14":"product-type-simple"},"_links":{"self":[{"href":"https:\/\/libreriahistoriasdebolsillo.com\/index.php\/wp-json\/wp\/v2\/product\/6485","targetHints":{"allow":["GET"]}}],"collection":[{"href":"https:\/\/libreriahistoriasdebolsillo.com\/index.php\/wp-json\/wp\/v2\/product"}],"about":[{"href":"https:\/\/libreriahistoriasdebolsillo.com\/index.php\/wp-json\/wp\/v2\/types\/product"}],"wp:featuredmedia":[{"embeddable":true,"href":"https:\/\/libreriahistoriasdebolsillo.com\/index.php\/wp-json\/wp\/v2\/media\/6486"}],"wp:attachment":[{"href":"https:\/\/libreriahistoriasdebolsillo.com\/index.php\/wp-json\/wp\/v2\/media?parent=6485"}],"wp:term":[{"taxonomy":"product_brand","embeddable":true,"href":"https:\/\/libreriahistoriasdebolsillo.com\/index.php\/wp-json\/wp\/v2\/product_brand?post=6485"},{"taxonomy":"product_cat","embeddable":true,"href":"https:\/\/libreriahistoriasdebolsillo.com\/index.php\/wp-json\/wp\/v2\/product_cat?post=6485"},{"taxonomy":"product_tag","embeddable":true,"href":"https:\/\/libreriahistoriasdebolsillo.com\/index.php\/wp-json\/wp\/v2\/product_tag?post=6485"}],"curies":[{"name":"wp","href":"https:\/\/api.w.org\/{rel}","templated":true}]}}