{"id":6494,"date":"2025-03-25T18:15:51","date_gmt":"2025-03-26T00:15:51","guid":{"rendered":"https:\/\/libreriahistoriasdebolsillo.com\/?post_type=product&#038;p=6494"},"modified":"2025-11-20T11:36:59","modified_gmt":"2025-11-20T17:36:59","slug":"la-muerte-alada-y-otros-relatos","status":"publish","type":"product","link":"https:\/\/libreriahistoriasdebolsillo.com\/index.php\/producto\/la-muerte-alada-y-otros-relatos\/","title":{"rendered":"La muerte alada y otros relatos"},"content":{"rendered":"<p>En una habitaci\u00f3n del hotel Orange cuatro hombres aterrados descubren un diario y. r\u00e1pidamente, uno de ellos reconoce a su autor: un entom\u00f3logo experto en fiebres africanas, cuyas confesiones en papel revelan la m\u00e1s espeluznante de las venganzas. En un cuaderno de piel el doctor narra la evoluci\u00f3n de un minucioso y macabro plan para acabar con su mayor adversario, gracias a sus experimentos con el d\u00edptero m\u00e1s temible del continente africano: la mosca ch\u00e9-ch\u00e9.<\/p>\n<p>La muerte alada, donde acaban cobrando vida las maldiciones que arrastran las leyendas m\u00e1s antiguas de \u00c1frica, es la historia que se presenta en este volumen, as\u00ed como otros grandes t\u00edtulos del reconocido H. P. Lovecraft; cinco narraciones donde la lectora o lector dejar\u00e1 volar su imaginaci\u00f3n y disfrutar\u00e1 uno de los grandes cl\u00e1sicos de la literatura de horror.<\/p>\n","protected":false},"excerpt":{"rendered":"<p>H.P. Lovecraft<\/p>\n<p>192 p\u00e1ginas<\/p>\n","protected":false},"featured_media":6495,"template":"","meta":{"_joinchat":[]},"product_brand":[],"product_cat":[42,51],"product_tag":[47],"class_list":{"0":"post-6494","1":"product","2":"type-product","3":"status-publish","4":"has-post-thumbnail","6":"product_cat-literatura-clasica","7":"product_cat-oferta","8":"product_tag-editories-mexicanos-unidos","10":"first","11":"outofstock","12":"shipping-taxable","13":"purchasable","14":"product-type-simple"},"_links":{"self":[{"href":"https:\/\/libreriahistoriasdebolsillo.com\/index.php\/wp-json\/wp\/v2\/product\/6494","targetHints":{"allow":["GET"]}}],"collection":[{"href":"https:\/\/libreriahistoriasdebolsillo.com\/index.php\/wp-json\/wp\/v2\/product"}],"about":[{"href":"https:\/\/libreriahistoriasdebolsillo.com\/index.php\/wp-json\/wp\/v2\/types\/product"}],"wp:featuredmedia":[{"embeddable":true,"href":"https:\/\/libreriahistoriasdebolsillo.com\/index.php\/wp-json\/wp\/v2\/media\/6495"}],"wp:attachment":[{"href":"https:\/\/libreriahistoriasdebolsillo.com\/index.php\/wp-json\/wp\/v2\/media?parent=6494"}],"wp:term":[{"taxonomy":"product_brand","embeddable":true,"href":"https:\/\/libreriahistoriasdebolsillo.com\/index.php\/wp-json\/wp\/v2\/product_brand?post=6494"},{"taxonomy":"product_cat","embeddable":true,"href":"https:\/\/libreriahistoriasdebolsillo.com\/index.php\/wp-json\/wp\/v2\/product_cat?post=6494"},{"taxonomy":"product_tag","embeddable":true,"href":"https:\/\/libreriahistoriasdebolsillo.com\/index.php\/wp-json\/wp\/v2\/product_tag?post=6494"}],"curies":[{"name":"wp","href":"https:\/\/api.w.org\/{rel}","templated":true}]}}