{"id":6497,"date":"2025-03-25T18:24:01","date_gmt":"2025-03-26T00:24:01","guid":{"rendered":"https:\/\/libreriahistoriasdebolsillo.com\/?post_type=product&#038;p=6497"},"modified":"2025-11-20T11:31:21","modified_gmt":"2025-11-20T17:31:21","slug":"el-que-susurra-en-la-oscuridad-y-otros-relatos-de-horror","status":"publish","type":"product","link":"https:\/\/libreriahistoriasdebolsillo.com\/index.php\/producto\/el-que-susurra-en-la-oscuridad-y-otros-relatos-de-horror\/","title":{"rendered":"El que susurra en la oscuridad y otros relatos de horror"},"content":{"rendered":"<p>El presente libro es un t\u00edtulo donde H.P. Lovecraft demuestra su maestr\u00eda en el arte del suspenso y el horror; en \u00e9l la enorme imaginaci\u00f3n del autor, aunada a una gran erudici\u00f3n en temas esot\u00e9ricos y la historia de la humanidad, provocan en la mente de quien lo lee una gran duda entre la separaci\u00f3n de los hechos y la ficci\u00f3n.<\/p>\n<p>Esta capacidad de combinar el sue\u00f1o, la realidad y la ilusi\u00f3n, incluso con una gran carga po\u00e9tica, como se demuestra en el relato Hasta que todos los mares, le permiti\u00f3 a Lovecraft formar su propia mitolog\u00eda, la que con el tiempo, sobre todo a partir de los a\u00f1os sesenta (varias d\u00e9cadas despu\u00e9s de su muerte en 1937), influy\u00f3 no s\u00f3lo en la novela negra, sino tambi\u00e9n en el cine, la m\u00fasica, los c\u00f3mics y los videojuegos; de manera que Lovecraft facilit\u00f3 el desarrollo de una nueva cultura.<\/p>\n","protected":false},"excerpt":{"rendered":"<p>H.P. Lovecraft<\/p>\n<p>191 p\u00e1ginas<\/p>\n","protected":false},"featured_media":6498,"template":"","meta":{"_joinchat":[]},"product_brand":[],"product_cat":[42,51],"product_tag":[47],"class_list":{"0":"post-6497","1":"product","2":"type-product","3":"status-publish","4":"has-post-thumbnail","6":"product_cat-literatura-clasica","7":"product_cat-oferta","8":"product_tag-editories-mexicanos-unidos","10":"first","11":"outofstock","12":"shipping-taxable","13":"purchasable","14":"product-type-simple"},"_links":{"self":[{"href":"https:\/\/libreriahistoriasdebolsillo.com\/index.php\/wp-json\/wp\/v2\/product\/6497","targetHints":{"allow":["GET"]}}],"collection":[{"href":"https:\/\/libreriahistoriasdebolsillo.com\/index.php\/wp-json\/wp\/v2\/product"}],"about":[{"href":"https:\/\/libreriahistoriasdebolsillo.com\/index.php\/wp-json\/wp\/v2\/types\/product"}],"wp:featuredmedia":[{"embeddable":true,"href":"https:\/\/libreriahistoriasdebolsillo.com\/index.php\/wp-json\/wp\/v2\/media\/6498"}],"wp:attachment":[{"href":"https:\/\/libreriahistoriasdebolsillo.com\/index.php\/wp-json\/wp\/v2\/media?parent=6497"}],"wp:term":[{"taxonomy":"product_brand","embeddable":true,"href":"https:\/\/libreriahistoriasdebolsillo.com\/index.php\/wp-json\/wp\/v2\/product_brand?post=6497"},{"taxonomy":"product_cat","embeddable":true,"href":"https:\/\/libreriahistoriasdebolsillo.com\/index.php\/wp-json\/wp\/v2\/product_cat?post=6497"},{"taxonomy":"product_tag","embeddable":true,"href":"https:\/\/libreriahistoriasdebolsillo.com\/index.php\/wp-json\/wp\/v2\/product_tag?post=6497"}],"curies":[{"name":"wp","href":"https:\/\/api.w.org\/{rel}","templated":true}]}}