{"id":6499,"date":"2025-03-25T18:25:21","date_gmt":"2025-03-26T00:25:21","guid":{"rendered":"https:\/\/libreriahistoriasdebolsillo.com\/?post_type=product&#038;p=6499"},"modified":"2025-06-14T13:22:26","modified_gmt":"2025-06-14T19:22:26","slug":"los-suenos-en-la-casa-de-la-bruja-y-otros-cuentos-de-terror","status":"publish","type":"product","link":"https:\/\/libreriahistoriasdebolsillo.com\/index.php\/producto\/los-suenos-en-la-casa-de-la-bruja-y-otros-cuentos-de-terror\/","title":{"rendered":"Los sue\u00f1os en la casa de la bruja y otros cuentos de terror"},"content":{"rendered":"<p>Walter Gilman, un estudiante de matem\u00e1ticas, alquila una habitaci\u00f3n en la famosa casa de la bruja de la ciudad de Arkham, donde 200 a\u00f1os atr\u00e1s vivi\u00f3 una hechicera que consigui\u00f3 escapar de los tribunales de Salem gracias a sus conocimientos sobre varias dimensiones. Es entonces que la curiosidad cient\u00edfica, mezclada con el conocimiento m\u00edtico urbano, conduce a Walter hacia el descubrimiento de una serie de misteriosas desapariciones que desaf\u00edan toda l\u00f3gica. Mientras tanto, tres ladrones entran a robar la casa del viejo terrible en el poblado de Kingsport y, en vez de hacerse con el supuesto bot\u00edn, sus cuerpos son encontrados mutilados. Entre tanto, un meteorito cae en una peque\u00f1a villa costera de Maine y dentro de la roca aparece una libreta con unos escritos en griego que relatan la agon\u00eda de una persona atrapada en una isla amenazada por las fuerzas de la oscuridad\u2026<\/p>\n<p>As\u00ed, el presente volumen re\u00fane algunas de las historias m\u00e1s perturbadoras de Lovecraft, maestro por excelencia de los relatos de misterio y horror.<\/p>\n","protected":false},"excerpt":{"rendered":"<p>H.P. Lovecraft<\/p>\n<p>189 p\u00e1ginas<\/p>\n","protected":false},"featured_media":6500,"template":"","meta":{"_joinchat":[]},"product_brand":[],"product_cat":[42,51],"product_tag":[47],"class_list":{"0":"post-6499","1":"product","2":"type-product","3":"status-publish","4":"has-post-thumbnail","6":"product_cat-literatura-clasica","7":"product_cat-oferta","8":"product_tag-editories-mexicanos-unidos","10":"first","11":"outofstock","12":"shipping-taxable","13":"purchasable","14":"product-type-simple"},"_links":{"self":[{"href":"https:\/\/libreriahistoriasdebolsillo.com\/index.php\/wp-json\/wp\/v2\/product\/6499","targetHints":{"allow":["GET"]}}],"collection":[{"href":"https:\/\/libreriahistoriasdebolsillo.com\/index.php\/wp-json\/wp\/v2\/product"}],"about":[{"href":"https:\/\/libreriahistoriasdebolsillo.com\/index.php\/wp-json\/wp\/v2\/types\/product"}],"wp:featuredmedia":[{"embeddable":true,"href":"https:\/\/libreriahistoriasdebolsillo.com\/index.php\/wp-json\/wp\/v2\/media\/6500"}],"wp:attachment":[{"href":"https:\/\/libreriahistoriasdebolsillo.com\/index.php\/wp-json\/wp\/v2\/media?parent=6499"}],"wp:term":[{"taxonomy":"product_brand","embeddable":true,"href":"https:\/\/libreriahistoriasdebolsillo.com\/index.php\/wp-json\/wp\/v2\/product_brand?post=6499"},{"taxonomy":"product_cat","embeddable":true,"href":"https:\/\/libreriahistoriasdebolsillo.com\/index.php\/wp-json\/wp\/v2\/product_cat?post=6499"},{"taxonomy":"product_tag","embeddable":true,"href":"https:\/\/libreriahistoriasdebolsillo.com\/index.php\/wp-json\/wp\/v2\/product_tag?post=6499"}],"curies":[{"name":"wp","href":"https:\/\/api.w.org\/{rel}","templated":true}]}}