{"id":650,"date":"2023-11-20T12:17:32","date_gmt":"2023-11-20T18:17:32","guid":{"rendered":"https:\/\/libreriahistoriasdebolsillo.com\/?post_type=product&#038;p=650"},"modified":"2023-11-20T12:17:32","modified_gmt":"2023-11-20T18:17:32","slug":"por-nosotros","status":"publish","type":"product","link":"https:\/\/libreriahistoriasdebolsillo.com\/index.php\/producto\/por-nosotros\/","title":{"rendered":"\u00a1Por nosotros!"},"content":{"rendered":"<p>Ben ha sobrevivido al primer a\u00f1o de la universidad, pero se siente m\u00e1s estancado que nunca. Las clases le demandan un gran esfuerzo, su trabajo a media jornada con su padre es a\u00fan peor y su mejor amigo Dylan lleva actuando raro durante semanas. Lo \u00fanico positivo es su compa\u00f1ero de escritura, Mario, que le ha estado dando muchas clases de espa\u00f1ol y, sobre todo, muchos besos. Mario tiene grandes sue\u00f1os puestos en Hollywood, y eso hace que Ben comience a so\u00f1ar a lo grande\u2026 y las decisiones que tome a partir de ahora podr\u00edan ser la clave para remodelar su futuro. Entonces, \u00bfporqu\u00e9 no puede dejar de pensar en cierto chico de su pasado?<\/p>\n<p>Arthur ha regresado a Nueva York por primera vez en dos a\u00f1os, listo para conquistar el mundo del teatro como el mejor\u2026 becario del asistente de un director que no est\u00e1 para nada cerca de Broadway. Por supuesto, para \u00e9l es horrible pasar el verano lejos de su dulce y confiable novio, Mikey, pero sabe que su relaci\u00f3n es lo suficientemente fuerte como para soportar la distancia. Por eso, no hay ning\u00fan problema cuando su ex novio Ben vuelve a aparecer en escena. Es m\u00e1s, le parece muy bien que Ben est\u00e9 content\u00edsimo con la compa\u00f1\u00eda de un chico misterioso. Los primeros amores son especiales, pero es demasiado tarde para hacerse preguntas de \u00ab\u00bfy si\u2026?\u00bb.\u00bfVerdad?<\/p>\n<p>Aunque intenten olvidarse del pasado, los chicos no dejan de cruzarse en el presente. \u00bfAcaso el universo est\u00e1 tratando de decirles que hay una segunda oportunidad en su futuro?<\/p>\n<p>Sin duda, Por nosotros ser\u00e1 bienvenido por los fan\u00e1ticos nuevos y antiguos de estos autores y de su colaboraci\u00f3n anterior, \u00bfY si fu\u00e9ramos nosotros? Becky Albertalli y Adam Silvera, autores bestseller y aclamados por la cr\u00edtica, combinan sus talentos en estas novelas inteligentes, divertidas y emotivas sobre dos chicos muy diferentes que no pueden decidir si el universo los est\u00e1 uniendo\u2026 o separando.<\/p>\n","protected":false},"excerpt":{"rendered":"<p>Adam Silvera y Becky Albertalli<\/p>\n","protected":false},"featured_media":651,"template":"","meta":{"_joinchat":[]},"product_brand":[],"product_cat":[38],"product_tag":[46],"class_list":{"0":"post-650","1":"product","2":"type-product","3":"status-publish","4":"has-post-thumbnail","6":"product_cat-lgbtq","7":"product_tag-ediciones-urano","9":"first","10":"instock","11":"shipping-taxable","12":"purchasable","13":"product-type-simple"},"_links":{"self":[{"href":"https:\/\/libreriahistoriasdebolsillo.com\/index.php\/wp-json\/wp\/v2\/product\/650","targetHints":{"allow":["GET"]}}],"collection":[{"href":"https:\/\/libreriahistoriasdebolsillo.com\/index.php\/wp-json\/wp\/v2\/product"}],"about":[{"href":"https:\/\/libreriahistoriasdebolsillo.com\/index.php\/wp-json\/wp\/v2\/types\/product"}],"wp:featuredmedia":[{"embeddable":true,"href":"https:\/\/libreriahistoriasdebolsillo.com\/index.php\/wp-json\/wp\/v2\/media\/651"}],"wp:attachment":[{"href":"https:\/\/libreriahistoriasdebolsillo.com\/index.php\/wp-json\/wp\/v2\/media?parent=650"}],"wp:term":[{"taxonomy":"product_brand","embeddable":true,"href":"https:\/\/libreriahistoriasdebolsillo.com\/index.php\/wp-json\/wp\/v2\/product_brand?post=650"},{"taxonomy":"product_cat","embeddable":true,"href":"https:\/\/libreriahistoriasdebolsillo.com\/index.php\/wp-json\/wp\/v2\/product_cat?post=650"},{"taxonomy":"product_tag","embeddable":true,"href":"https:\/\/libreriahistoriasdebolsillo.com\/index.php\/wp-json\/wp\/v2\/product_tag?post=650"}],"curies":[{"name":"wp","href":"https:\/\/api.w.org\/{rel}","templated":true}]}}