{"id":6501,"date":"2025-03-25T18:26:44","date_gmt":"2025-03-26T00:26:44","guid":{"rendered":"https:\/\/libreriahistoriasdebolsillo.com\/?post_type=product&#038;p=6501"},"modified":"2025-11-20T11:34:38","modified_gmt":"2025-11-20T17:34:38","slug":"cuentos-macabros","status":"publish","type":"product","link":"https:\/\/libreriahistoriasdebolsillo.com\/index.php\/producto\/cuentos-macabros\/","title":{"rendered":"Cuentos macabros"},"content":{"rendered":"<p>H. P. Lovecraft consigui\u00f3 renovar el desgastado g\u00e9nero del terror g\u00f3tico de los castillos y fantasmas al a\u00f1adir a sus obras una mitolog\u00eda propia basada en seres milenarios de or\u00edgenes desconocidos que viven en los parajes m\u00e1s inaccesibles de la Tierra, el espacio y otras dimensiones.Este volumen re\u00fane algunos de los cuentos oscuros m\u00e1s aterradores del autor, como\u00a0<em>El caos reptante<\/em>, donde las pesadillas m\u00e1s surrealistas se vuelven m\u00e1s aut\u00e9nticas debido a la influencia alucin\u00f3gena del opio.<em>Desaf\u00edo del m\u00e1s all\u00e1,<\/em>\u00a0<em>La pradera verde,<\/em>\u00a0<em>La locura venida del mar<\/em>\u00a0y\u00a0<em>La transici\u00f3n de Juan Romero<\/em>, son algunos de los relatos que se incluyen en este libro.<\/p>\n","protected":false},"excerpt":{"rendered":"<p>H.P. Lovecraft<\/p>\n<p>191 p\u00e1ginas<\/p>\n","protected":false},"featured_media":6502,"template":"","meta":{"_joinchat":[]},"product_brand":[],"product_cat":[42,51],"product_tag":[47],"class_list":{"0":"post-6501","1":"product","2":"type-product","3":"status-publish","4":"has-post-thumbnail","6":"product_cat-literatura-clasica","7":"product_cat-oferta","8":"product_tag-editories-mexicanos-unidos","10":"first","11":"outofstock","12":"shipping-taxable","13":"purchasable","14":"product-type-simple"},"_links":{"self":[{"href":"https:\/\/libreriahistoriasdebolsillo.com\/index.php\/wp-json\/wp\/v2\/product\/6501","targetHints":{"allow":["GET"]}}],"collection":[{"href":"https:\/\/libreriahistoriasdebolsillo.com\/index.php\/wp-json\/wp\/v2\/product"}],"about":[{"href":"https:\/\/libreriahistoriasdebolsillo.com\/index.php\/wp-json\/wp\/v2\/types\/product"}],"wp:featuredmedia":[{"embeddable":true,"href":"https:\/\/libreriahistoriasdebolsillo.com\/index.php\/wp-json\/wp\/v2\/media\/6502"}],"wp:attachment":[{"href":"https:\/\/libreriahistoriasdebolsillo.com\/index.php\/wp-json\/wp\/v2\/media?parent=6501"}],"wp:term":[{"taxonomy":"product_brand","embeddable":true,"href":"https:\/\/libreriahistoriasdebolsillo.com\/index.php\/wp-json\/wp\/v2\/product_brand?post=6501"},{"taxonomy":"product_cat","embeddable":true,"href":"https:\/\/libreriahistoriasdebolsillo.com\/index.php\/wp-json\/wp\/v2\/product_cat?post=6501"},{"taxonomy":"product_tag","embeddable":true,"href":"https:\/\/libreriahistoriasdebolsillo.com\/index.php\/wp-json\/wp\/v2\/product_tag?post=6501"}],"curies":[{"name":"wp","href":"https:\/\/api.w.org\/{rel}","templated":true}]}}