{"id":6504,"date":"2025-03-26T09:22:35","date_gmt":"2025-03-26T15:22:35","guid":{"rendered":"https:\/\/libreriahistoriasdebolsillo.com\/?post_type=product&#038;p=6504"},"modified":"2025-11-20T11:33:25","modified_gmt":"2025-11-20T17:33:25","slug":"el-horror-de-dunwich-y-mas-clasicos-de-lovecraft","status":"publish","type":"product","link":"https:\/\/libreriahistoriasdebolsillo.com\/index.php\/producto\/el-horror-de-dunwich-y-mas-clasicos-de-lovecraft\/","title":{"rendered":"El horror de Dunwich y m\u00e1s cl\u00e1sicos de Lovecraft"},"content":{"rendered":"<p>Mientras Wilbur Whateley busca acceder al Necronomic\u00f3n, un libro prohibido, en la granja de Dunwich ocurren sucesos muy extra\u00f1os, tales como la presencia de olores desagradables y la desaparici\u00f3n de algunos animales del ganado. Al correr del tiempo, se lleg\u00f3 a la conclusi\u00f3n de que el monstruo que habita la hacienda no parar\u00e1 hasta que expertos pongan fin a su existencia, lo cual ser\u00e1 posible mediante un conju\u0433\u043e.<\/p>\n<p>El horror de Dunwich es uno de los relatos m\u00e1s perturbadores de la literatura de horror. Adem\u00e1s, esta selecci\u00f3n re\u00fane a otros seres sobrenaturales mal\u00e9ficos, todos ellos en la b\u00fasqueda de cualquier oportunidad o debilidad en el hombre para volver a la Tierra y desplegar su maldad.<\/p>\n<p>Este conjunto de narraciones incluye ratas cuyas pisadas se escuchan a trav\u00e9s de las paredes, revelaciones del pasado que llegan en sue\u00f1os, un enigma que esconde la ca\u00edda de un meteorito en una peque\u00f1a villa costera, viajes en el tiempo, as\u00ed como la difuminaci\u00f3n de las fronteras entre el sue\u00f1o y la realidad\u2026<\/p>\n","protected":false},"excerpt":{"rendered":"<p>H.P. Lovecraft<\/p>\n<p>192 p\u00e1ginas<\/p>\n","protected":false},"featured_media":6505,"template":"","meta":{"_joinchat":[]},"product_brand":[],"product_cat":[42,51],"product_tag":[47],"class_list":{"0":"post-6504","1":"product","2":"type-product","3":"status-publish","4":"has-post-thumbnail","6":"product_cat-literatura-clasica","7":"product_cat-oferta","8":"product_tag-editories-mexicanos-unidos","10":"first","11":"outofstock","12":"shipping-taxable","13":"purchasable","14":"product-type-simple"},"_links":{"self":[{"href":"https:\/\/libreriahistoriasdebolsillo.com\/index.php\/wp-json\/wp\/v2\/product\/6504","targetHints":{"allow":["GET"]}}],"collection":[{"href":"https:\/\/libreriahistoriasdebolsillo.com\/index.php\/wp-json\/wp\/v2\/product"}],"about":[{"href":"https:\/\/libreriahistoriasdebolsillo.com\/index.php\/wp-json\/wp\/v2\/types\/product"}],"wp:featuredmedia":[{"embeddable":true,"href":"https:\/\/libreriahistoriasdebolsillo.com\/index.php\/wp-json\/wp\/v2\/media\/6505"}],"wp:attachment":[{"href":"https:\/\/libreriahistoriasdebolsillo.com\/index.php\/wp-json\/wp\/v2\/media?parent=6504"}],"wp:term":[{"taxonomy":"product_brand","embeddable":true,"href":"https:\/\/libreriahistoriasdebolsillo.com\/index.php\/wp-json\/wp\/v2\/product_brand?post=6504"},{"taxonomy":"product_cat","embeddable":true,"href":"https:\/\/libreriahistoriasdebolsillo.com\/index.php\/wp-json\/wp\/v2\/product_cat?post=6504"},{"taxonomy":"product_tag","embeddable":true,"href":"https:\/\/libreriahistoriasdebolsillo.com\/index.php\/wp-json\/wp\/v2\/product_tag?post=6504"}],"curies":[{"name":"wp","href":"https:\/\/api.w.org\/{rel}","templated":true}]}}