{"id":6508,"date":"2025-03-26T09:25:56","date_gmt":"2025-03-26T15:25:56","guid":{"rendered":"https:\/\/libreriahistoriasdebolsillo.com\/?post_type=product&#038;p=6508"},"modified":"2025-05-03T12:30:53","modified_gmt":"2025-05-03T18:30:53","slug":"iliada-odisea","status":"publish","type":"product","link":"https:\/\/libreriahistoriasdebolsillo.com\/index.php\/producto\/iliada-odisea\/","title":{"rendered":"Il\u00edada \/ Odisea"},"content":{"rendered":"<p>En el mundo de la literatura sin lugar a dudas es inmenso e Incalculable y se ha desarrollado desde siglos atr\u00e1s, dejando grandes huellas en todos los momentos de la historia, fin el caso de la literatura occidental se ha desarrollado principalmente a partir de dos grandes culturas de la antig\u00fcedad: la romana y la griega, siendo esta \u00faltima sumamente reconocida por sus dos creaciones m\u00e1s excelsas e inolvidables en la \u00e9pica literaria: la Il\u00edada y la Odisea. Estas dos obras, no solo est\u00e1n llenas de inmemorables momentos b\u00e9licos, magnos h\u00e9roes y soldados, sino tambi\u00e9n est\u00e1n colmadas de historia, mitolog\u00eda, geograf\u00eda y religi\u00f3n; por todo esto han sido objeto de admiraci\u00f3n desde milenios atr\u00e1s. As\u00ed pues, en esta ocasi\u00f3n se presenta un volumen que incluye ambas obras donde se rescatan los momentos m\u00e1s memorables para que todo lector que se adentre en esta edici\u00f3n conozca a fondo el mundo relatado por el gran Homero.<\/p>\n","protected":false},"excerpt":{"rendered":"<p>Homero<\/p>\n<p>511 p\u00e1ginas<\/p>\n","protected":false},"featured_media":6509,"template":"","meta":{"_joinchat":[]},"product_brand":[],"product_cat":[42,51],"product_tag":[47],"class_list":{"0":"post-6508","1":"product","2":"type-product","3":"status-publish","4":"has-post-thumbnail","6":"product_cat-literatura-clasica","7":"product_cat-oferta","8":"product_tag-editories-mexicanos-unidos","10":"first","11":"outofstock","12":"sale","13":"shipping-taxable","14":"purchasable","15":"product-type-simple"},"_links":{"self":[{"href":"https:\/\/libreriahistoriasdebolsillo.com\/index.php\/wp-json\/wp\/v2\/product\/6508","targetHints":{"allow":["GET"]}}],"collection":[{"href":"https:\/\/libreriahistoriasdebolsillo.com\/index.php\/wp-json\/wp\/v2\/product"}],"about":[{"href":"https:\/\/libreriahistoriasdebolsillo.com\/index.php\/wp-json\/wp\/v2\/types\/product"}],"wp:featuredmedia":[{"embeddable":true,"href":"https:\/\/libreriahistoriasdebolsillo.com\/index.php\/wp-json\/wp\/v2\/media\/6509"}],"wp:attachment":[{"href":"https:\/\/libreriahistoriasdebolsillo.com\/index.php\/wp-json\/wp\/v2\/media?parent=6508"}],"wp:term":[{"taxonomy":"product_brand","embeddable":true,"href":"https:\/\/libreriahistoriasdebolsillo.com\/index.php\/wp-json\/wp\/v2\/product_brand?post=6508"},{"taxonomy":"product_cat","embeddable":true,"href":"https:\/\/libreriahistoriasdebolsillo.com\/index.php\/wp-json\/wp\/v2\/product_cat?post=6508"},{"taxonomy":"product_tag","embeddable":true,"href":"https:\/\/libreriahistoriasdebolsillo.com\/index.php\/wp-json\/wp\/v2\/product_tag?post=6508"}],"curies":[{"name":"wp","href":"https:\/\/api.w.org\/{rel}","templated":true}]}}