{"id":6511,"date":"2025-03-27T15:50:30","date_gmt":"2025-03-27T21:50:30","guid":{"rendered":"https:\/\/libreriahistoriasdebolsillo.com\/?post_type=product&#038;p=6511"},"modified":"2025-10-17T18:28:08","modified_gmt":"2025-10-18T00:28:08","slug":"faebound-1","status":"publish","type":"product","link":"https:\/\/libreriahistoriasdebolsillo.com\/index.php\/producto\/faebound-1\/","title":{"rendered":"Faebound 1"},"content":{"rendered":"<p>La autora de The Final Strife, superventas del Sunday Times, presenta una nueva y fascinante trilog\u00eda. DIVIDIDAS POR LA SANGRE. CAUTIVAS DEL DESTINO. UNIDAS POR EL DESEO. TE DAMOS LA BIENVENIDA AL EMOCIONANTE MUNDO DE LOS FAES. Yeeran es una guerrera del ej\u00e9rcito \u00e9lfico que no ha conocido nada en la vida salvo violencia. Lettle, su hermana, intenta ganarse el sustento como adivina, en busca de profec\u00edas de un futuro mejor. Cuando un error fatal provoca el exilio de Yeeran de las Tierras \u00c9lficas, ambas se ven obligadas a sobrevivir a la aterradora vida salvaje que hay m\u00e1s all\u00e1 de sus fronteras. All\u00ed, se encuentran con lo imposible: una corte fe\u00e9rica. No se ha visto ning\u00fan fae desde hace mil a\u00f1os, pero ahora Yeeran y Lettle se ven envueltas en su atractivo mundo, divididas entre la lealtad de la una hacia la otra, su tierra natal \u00e9lfica y sus corazones. DESCUBRE ESTA HISTORIA DE FANTAS\u00cdA \u00c9PICA ARREBATADORAMENTE ROM\u00c1NTICA A LA QUE LOS LECTORES EST\u00c1N DANDO CINCO ESTRELLAS&#8230; Y SU CORAZ\u00d3N<\/p>\n","protected":false},"excerpt":{"rendered":"<p>Saara El-Arifi<\/p>\n<p>432 p\u00e1ginas<\/p>\n","protected":false},"featured_media":6512,"template":"","meta":{"_joinchat":[]},"product_brand":[],"product_cat":[38,76],"product_tag":[80],"class_list":{"0":"post-6511","1":"product","2":"type-product","3":"status-publish","4":"has-post-thumbnail","6":"product_cat-lgbtq","7":"product_cat-romantasy","8":"product_tag-larousse","10":"first","11":"instock","12":"shipping-taxable","13":"purchasable","14":"product-type-simple"},"_links":{"self":[{"href":"https:\/\/libreriahistoriasdebolsillo.com\/index.php\/wp-json\/wp\/v2\/product\/6511","targetHints":{"allow":["GET"]}}],"collection":[{"href":"https:\/\/libreriahistoriasdebolsillo.com\/index.php\/wp-json\/wp\/v2\/product"}],"about":[{"href":"https:\/\/libreriahistoriasdebolsillo.com\/index.php\/wp-json\/wp\/v2\/types\/product"}],"wp:featuredmedia":[{"embeddable":true,"href":"https:\/\/libreriahistoriasdebolsillo.com\/index.php\/wp-json\/wp\/v2\/media\/6512"}],"wp:attachment":[{"href":"https:\/\/libreriahistoriasdebolsillo.com\/index.php\/wp-json\/wp\/v2\/media?parent=6511"}],"wp:term":[{"taxonomy":"product_brand","embeddable":true,"href":"https:\/\/libreriahistoriasdebolsillo.com\/index.php\/wp-json\/wp\/v2\/product_brand?post=6511"},{"taxonomy":"product_cat","embeddable":true,"href":"https:\/\/libreriahistoriasdebolsillo.com\/index.php\/wp-json\/wp\/v2\/product_cat?post=6511"},{"taxonomy":"product_tag","embeddable":true,"href":"https:\/\/libreriahistoriasdebolsillo.com\/index.php\/wp-json\/wp\/v2\/product_tag?post=6511"}],"curies":[{"name":"wp","href":"https:\/\/api.w.org\/{rel}","templated":true}]}}