{"id":6513,"date":"2025-03-27T16:42:57","date_gmt":"2025-03-27T22:42:57","guid":{"rendered":"https:\/\/libreriahistoriasdebolsillo.com\/?post_type=product&#038;p=6513"},"modified":"2025-04-03T12:07:39","modified_gmt":"2025-04-03T18:07:39","slug":"escucha","status":"publish","type":"product","link":"https:\/\/libreriahistoriasdebolsillo.com\/index.php\/producto\/escucha\/","title":{"rendered":"\u00a1Escucha!"},"content":{"rendered":"<p>\u00bfPor qu\u00e9 a menudo fallamos en\u00a0<b>conectar cuando hablamos<\/b>\u00a0con colegas de trabajo, familiares o amigos? \u00bfNo te gustar\u00eda\u00a0<b>hacerte escuchar<\/b>\u00a0y entender en todas tus relaciones? Usando ejemplos efectivos, t\u00e9cnicas f\u00e1ciles de aprender y ejercicios pr\u00e1cticos para convertirte en un mejor oyente, este libro te mostrar\u00e1 c\u00f3mo lograrlo, incluso en situaciones dif\u00edciles.<\/p>\n<p>Dise\u00f1ado a partir del probado\u00a0<b>Modelo de \u00c9xito en Liderazgo<\/b>\u00a0de\u00a0<b>Dale Carnegie<\/b>\u00a0y los\u00a0<b>Principios de Relaciones Humanas<\/b>\u00a0de Dale Carnegie,\u00a0<i><b>\u00a1Escucha!<\/b><\/i>\u00a0te ayudar\u00e1 a incorporar las\u00a0<b>herramientas y t\u00e9cnicas<\/b>\u00a0para abordar desaf\u00edos y cambiar tu mentalidad y comportamiento a fin de convertirte en un\u00a0<b>l\u00edder<\/b>\u00a0m\u00e1s positivo y seguro.<\/p>\n","protected":false},"excerpt":{"rendered":"<p>Dale Carnegie<\/p>\n<p>224 paginas<\/p>\n","protected":false},"featured_media":6514,"template":"","meta":{"_joinchat":[]},"product_brand":[],"product_cat":[58,41,70],"product_tag":[34],"class_list":{"0":"post-6513","1":"product","2":"type-product","3":"status-publish","4":"has-post-thumbnail","6":"product_cat-desarrollo-humano-y-superacion","7":"product_cat-desarrollo-humano","8":"product_cat-novedades","9":"product_tag-penguin-random-house","11":"first","12":"instock","13":"shipping-taxable","14":"purchasable","15":"product-type-simple"},"_links":{"self":[{"href":"https:\/\/libreriahistoriasdebolsillo.com\/index.php\/wp-json\/wp\/v2\/product\/6513","targetHints":{"allow":["GET"]}}],"collection":[{"href":"https:\/\/libreriahistoriasdebolsillo.com\/index.php\/wp-json\/wp\/v2\/product"}],"about":[{"href":"https:\/\/libreriahistoriasdebolsillo.com\/index.php\/wp-json\/wp\/v2\/types\/product"}],"wp:featuredmedia":[{"embeddable":true,"href":"https:\/\/libreriahistoriasdebolsillo.com\/index.php\/wp-json\/wp\/v2\/media\/6514"}],"wp:attachment":[{"href":"https:\/\/libreriahistoriasdebolsillo.com\/index.php\/wp-json\/wp\/v2\/media?parent=6513"}],"wp:term":[{"taxonomy":"product_brand","embeddable":true,"href":"https:\/\/libreriahistoriasdebolsillo.com\/index.php\/wp-json\/wp\/v2\/product_brand?post=6513"},{"taxonomy":"product_cat","embeddable":true,"href":"https:\/\/libreriahistoriasdebolsillo.com\/index.php\/wp-json\/wp\/v2\/product_cat?post=6513"},{"taxonomy":"product_tag","embeddable":true,"href":"https:\/\/libreriahistoriasdebolsillo.com\/index.php\/wp-json\/wp\/v2\/product_tag?post=6513"}],"curies":[{"name":"wp","href":"https:\/\/api.w.org\/{rel}","templated":true}]}}