{"id":6515,"date":"2025-03-27T16:47:12","date_gmt":"2025-03-27T22:47:12","guid":{"rendered":"https:\/\/libreriahistoriasdebolsillo.com\/?post_type=product&#038;p=6515"},"modified":"2026-03-10T15:23:48","modified_gmt":"2026-03-10T21:23:48","slug":"los-testigos-1-un-dios-inclemente","status":"publish","type":"product","link":"https:\/\/libreriahistoriasdebolsillo.com\/index.php\/producto\/los-testigos-1-un-dios-inclemente\/","title":{"rendered":"Los testigos 1. Un Dios Inclemente"},"content":{"rendered":"<p><b>El emocionante inicio de una nueva serie de fantas\u00eda \u00e9pica del autor de\u00a0<i>Malaz: El Libro de los Ca\u00eddos<\/i>.<\/b><\/p>\n<p>Han pasado muchos a\u00f1os desde que los guerreros teblor desataron el caos y la masacre en Lago de Plata.<\/p>\n<p>Ahora las tribus septentrionales ya no hacen incursiones en las tierras del sur. La ciudad se ha recuperado, pero el legado perdura. De hecho, Karsa Orlong, uno de los tres, es ahora reverenciado como un dios, aunque como un dios indiferente. En realidad, a lo largo y ancho del mundo de Malaz han surgido adeptos a varias religiones. Est\u00e1n los adoradores de Coltaine, el Dios de las Alas negras, y entre la soldadesca imperial abunda el culto de Iskar Jarak, el Guardi\u00e1n de los Muertos.<\/p>\n<p>En respuesta a los informes sobre la creciente inquietud de las tribus de m\u00e1s all\u00e1 de la frontera, una legi\u00f3n de infanter\u00eda malazana marcha hacia Lago de Plata. No saben con qu\u00e9 van a verse las caras, pero, a pesar de que el ej\u00e9rcito malazano ha evolucionado, hay algo que no ha cambiado: est\u00e1n dispuestos a enfrentarse a lo que sea. O a morir en el intento.<\/p>\n<p>En lo alto de las monta\u00f1as, un nuevo caudillo est\u00e1 al mando de los teblor. Marcado por las haza\u00f1as de Karsa Orlong, pretende enfrentarse a su dios aunque para ello tenga que atravesar el Imperio malazano dejando un reguero de sangre.<\/p>\n<p>Pero m\u00e1s al norte se cierne una nueva amenaza, y ahora parece que son los teblor quienes se quedan sin tiempo. Otra migraci\u00f3n, largamente temida, est\u00e1 a punto de empezar. Esta vez son decenas de miles y se disponen a marchar hacia el sur. En su camino, tan solo una compa\u00f1\u00eda de infanter\u00eda de marina malazana.<\/p>\n<p>Parece que en Lago de Plata va a repetirse el pasado, y eso nunca es bueno.<\/p>\n","protected":false},"excerpt":{"rendered":"<p>Steven Erikson<\/p>\n","protected":false},"featured_media":6516,"template":"","meta":{"_joinchat":[]},"product_brand":[],"product_cat":[39,51],"product_tag":[34],"class_list":{"0":"post-6515","1":"product","2":"type-product","3":"status-publish","4":"has-post-thumbnail","6":"product_cat-fantasia","7":"product_cat-oferta","8":"product_tag-penguin-random-house","10":"first","11":"outofstock","12":"sale","13":"shipping-taxable","14":"purchasable","15":"product-type-simple"},"_links":{"self":[{"href":"https:\/\/libreriahistoriasdebolsillo.com\/index.php\/wp-json\/wp\/v2\/product\/6515","targetHints":{"allow":["GET"]}}],"collection":[{"href":"https:\/\/libreriahistoriasdebolsillo.com\/index.php\/wp-json\/wp\/v2\/product"}],"about":[{"href":"https:\/\/libreriahistoriasdebolsillo.com\/index.php\/wp-json\/wp\/v2\/types\/product"}],"wp:featuredmedia":[{"embeddable":true,"href":"https:\/\/libreriahistoriasdebolsillo.com\/index.php\/wp-json\/wp\/v2\/media\/6516"}],"wp:attachment":[{"href":"https:\/\/libreriahistoriasdebolsillo.com\/index.php\/wp-json\/wp\/v2\/media?parent=6515"}],"wp:term":[{"taxonomy":"product_brand","embeddable":true,"href":"https:\/\/libreriahistoriasdebolsillo.com\/index.php\/wp-json\/wp\/v2\/product_brand?post=6515"},{"taxonomy":"product_cat","embeddable":true,"href":"https:\/\/libreriahistoriasdebolsillo.com\/index.php\/wp-json\/wp\/v2\/product_cat?post=6515"},{"taxonomy":"product_tag","embeddable":true,"href":"https:\/\/libreriahistoriasdebolsillo.com\/index.php\/wp-json\/wp\/v2\/product_tag?post=6515"}],"curies":[{"name":"wp","href":"https:\/\/api.w.org\/{rel}","templated":true}]}}