{"id":6517,"date":"2025-03-27T16:49:45","date_gmt":"2025-03-27T22:49:45","guid":{"rendered":"https:\/\/libreriahistoriasdebolsillo.com\/?post_type=product&#038;p=6517"},"modified":"2025-07-28T09:17:57","modified_gmt":"2025-07-28T15:17:57","slug":"ojala-te-enamores","status":"publish","type":"product","link":"https:\/\/libreriahistoriasdebolsillo.com\/index.php\/producto\/ojala-te-enamores\/","title":{"rendered":"Ojal\u00e1 te enamores"},"content":{"rendered":"<p>Lo digo en serio. Ojal\u00e1\u00a0<b>encuentres<\/b>\u00a0a esa persona que haga volar las horas, que te pinte un mundo a todo color y te lo haga vivir. Alguien a quien no le importe el\u00a0<b>pasado<\/b>\u00a0y que se empe\u00f1e en crear un presente m\u00e1gico con tintes de\u00a0<b>futuro<\/b>. Alguien que entienda c\u00f3mo eres, que te quiera as\u00ed y que no trate de cambiar nada en ti.<\/p>\n<p>Esta edici\u00f3n especial contiene nuevas\u00a0<b>reflexiones po\u00e9ticas<\/b>\u00a0sobre la vida, los\u00a0<b>sentimientos<\/b>\u00a0y los deseos m\u00e1s \u00edntimos que todos escondemos dentro. Incluye los textos m\u00e1s emblem\u00e1ticos del blog, contenido in\u00e9dito y un nuevo dise\u00f1o.<\/p>\n","protected":false},"excerpt":{"rendered":"<p>Alejandro Ord\u00f3\u00f1ez<\/p>\n<p>160 p\u00e1ginas<\/p>\n","protected":false},"featured_media":6518,"template":"","meta":{"_joinchat":[]},"product_brand":[],"product_cat":[35],"product_tag":[34],"class_list":{"0":"post-6517","1":"product","2":"type-product","3":"status-publish","4":"has-post-thumbnail","6":"product_cat-romantica","7":"product_tag-penguin-random-house","9":"first","10":"outofstock","11":"shipping-taxable","12":"purchasable","13":"product-type-simple"},"_links":{"self":[{"href":"https:\/\/libreriahistoriasdebolsillo.com\/index.php\/wp-json\/wp\/v2\/product\/6517","targetHints":{"allow":["GET"]}}],"collection":[{"href":"https:\/\/libreriahistoriasdebolsillo.com\/index.php\/wp-json\/wp\/v2\/product"}],"about":[{"href":"https:\/\/libreriahistoriasdebolsillo.com\/index.php\/wp-json\/wp\/v2\/types\/product"}],"wp:featuredmedia":[{"embeddable":true,"href":"https:\/\/libreriahistoriasdebolsillo.com\/index.php\/wp-json\/wp\/v2\/media\/6518"}],"wp:attachment":[{"href":"https:\/\/libreriahistoriasdebolsillo.com\/index.php\/wp-json\/wp\/v2\/media?parent=6517"}],"wp:term":[{"taxonomy":"product_brand","embeddable":true,"href":"https:\/\/libreriahistoriasdebolsillo.com\/index.php\/wp-json\/wp\/v2\/product_brand?post=6517"},{"taxonomy":"product_cat","embeddable":true,"href":"https:\/\/libreriahistoriasdebolsillo.com\/index.php\/wp-json\/wp\/v2\/product_cat?post=6517"},{"taxonomy":"product_tag","embeddable":true,"href":"https:\/\/libreriahistoriasdebolsillo.com\/index.php\/wp-json\/wp\/v2\/product_tag?post=6517"}],"curies":[{"name":"wp","href":"https:\/\/api.w.org\/{rel}","templated":true}]}}