{"id":6521,"date":"2025-03-27T16:53:59","date_gmt":"2025-03-27T22:53:59","guid":{"rendered":"https:\/\/libreriahistoriasdebolsillo.com\/?post_type=product&#038;p=6521"},"modified":"2025-07-28T09:19:47","modified_gmt":"2025-07-28T15:19:47","slug":"asesinato-en-fleat-house","status":"publish","type":"product","link":"https:\/\/libreriahistoriasdebolsillo.com\/index.php\/producto\/asesinato-en-fleat-house\/","title":{"rendered":"Asesinato en Fleat House"},"content":{"rendered":"<p><b>Un inquietante internado, un estudiante muerto y un secreto que podr\u00eda cambiarlo todo<\/b>.<\/p>\n<p>En el tradicional colegio St Stephen\u2019s, en la id\u00edlica\u00a0<b>campi\u00f1a de Norfolk<\/b>,\u00a0<b>un estudiante muere<\/b>\u00a0en extra\u00f1as circunstancias. Su cad\u00e1ver es encontrado en\u00a0<b>Fleat House, uno de los internados<\/b>, y el director se apresura a explicar que fue un tr\u00e1gico accidente. Pero cuando la detective Jazz Hunter se adentra en el cerrado mundo de la residencia pronto descubre que la v\u00edctima, Charlie Cavendish, era\u00a0<b>un joven arrogante y hambriento de poder<\/b>\u00a0que atormentaba a sus compa\u00f1eros. \u00bfFue su muerte\u00a0<b>un acto de venganza<\/b>? Mientras el personal del colegio cierra filas y la nieve comienza a cubrirlo todo Jazz se da cuenta de que esta podr\u00eda ser la m\u00e1s complicada investigaci\u00f3n de su carrera&#8230; y de que Fleat House esconde secretos m\u00e1s oscuros de lo que nunca podr\u00eda haber imaginado.<\/p>\n<p>Una emocionante nueva novela de crimen y misterio por la autora de la saga superventa<i>s Las Siete Hermanas.<\/i><\/p>\n","protected":false},"excerpt":{"rendered":"<p>Lucinda Riley<\/p>\n<p>400 p\u00e1ginas<\/p>\n","protected":false},"featured_media":6522,"template":"","meta":{"_joinchat":[]},"product_brand":[],"product_cat":[37],"product_tag":[34],"class_list":{"0":"post-6521","1":"product","2":"type-product","3":"status-publish","4":"has-post-thumbnail","6":"product_cat-misterio-y-thriller","7":"product_tag-penguin-random-house","9":"first","10":"outofstock","11":"shipping-taxable","12":"purchasable","13":"product-type-simple"},"_links":{"self":[{"href":"https:\/\/libreriahistoriasdebolsillo.com\/index.php\/wp-json\/wp\/v2\/product\/6521","targetHints":{"allow":["GET"]}}],"collection":[{"href":"https:\/\/libreriahistoriasdebolsillo.com\/index.php\/wp-json\/wp\/v2\/product"}],"about":[{"href":"https:\/\/libreriahistoriasdebolsillo.com\/index.php\/wp-json\/wp\/v2\/types\/product"}],"wp:featuredmedia":[{"embeddable":true,"href":"https:\/\/libreriahistoriasdebolsillo.com\/index.php\/wp-json\/wp\/v2\/media\/6522"}],"wp:attachment":[{"href":"https:\/\/libreriahistoriasdebolsillo.com\/index.php\/wp-json\/wp\/v2\/media?parent=6521"}],"wp:term":[{"taxonomy":"product_brand","embeddable":true,"href":"https:\/\/libreriahistoriasdebolsillo.com\/index.php\/wp-json\/wp\/v2\/product_brand?post=6521"},{"taxonomy":"product_cat","embeddable":true,"href":"https:\/\/libreriahistoriasdebolsillo.com\/index.php\/wp-json\/wp\/v2\/product_cat?post=6521"},{"taxonomy":"product_tag","embeddable":true,"href":"https:\/\/libreriahistoriasdebolsillo.com\/index.php\/wp-json\/wp\/v2\/product_tag?post=6521"}],"curies":[{"name":"wp","href":"https:\/\/api.w.org\/{rel}","templated":true}]}}