{"id":6523,"date":"2025-03-27T16:55:58","date_gmt":"2025-03-27T22:55:58","guid":{"rendered":"https:\/\/libreriahistoriasdebolsillo.com\/?post_type=product&#038;p=6523"},"modified":"2025-04-03T12:06:53","modified_gmt":"2025-04-03T18:06:53","slug":"que-hacer-con-estos-pedazos","status":"publish","type":"product","link":"https:\/\/libreriahistoriasdebolsillo.com\/index.php\/producto\/que-hacer-con-estos-pedazos\/","title":{"rendered":"Qu\u00e9 hacer con estos pedazos"},"content":{"rendered":"<p>A sus sesenta y cuatro a\u00f1os, Emilia se enfrenta a la remodelaci\u00f3n de su cocina, presionada por el marido. Y as\u00ed, en medio de un ambiente dom\u00e9stico asfixiante, que aparenta tranquilidad, pero est\u00e1 cargado de\u00a0<b>peque\u00f1os gestos de violencia<\/b>, se desenvuelven los d\u00edas de esta mujer atrapada en sus ambiguas relaciones personales.<\/p>\n<p>\u00abEn la escritura de Piedad Bonnett se concentran las virtudes que m\u00e1s admiro en la literatura: profundidad y concisi\u00f3n. La desdicha que se narra en esta novela podr\u00eda noquearte, pero est\u00e1 vestida con im\u00e1genes que la vuelven un sacud\u00f3n reconfortante. Es un retrato inclemente de los lazos familiares (\u201cson como grilletes\u201d), del deterioro de las relaciones, de las casas, del cuerpo, de la propia mirada, del matrimonio (\u201cuna pared escoriada por la que hay que trepar cada d\u00eda hiri\u00e9ndose las manos\u201d). Adem\u00e1s del peso culposo que cargamos cuando nuestros padres envejecen y la herida siempre abierta de ser madre, el texto mete el dedo en v\u00ednculos menos obvios, aunque igual de lacerantes. Como el de los\u00a0<b>esposos a\u00f1osos<\/b>, fermentados de rencor, que ya no toleran ni una conversaci\u00f3n lac\u00f3nica; o el de la patrona y la empleada, unidas por una lealtad displicente. El recorrido nos deja frente a un vac\u00edo en el que flota esa pregunta que te redime o te remata: \u00bfvali\u00f3 la pena? Lectores del mundo, lean este libro, que s\u00ed lo vale.\u00bb. Margarita Garc\u00eda Robayo<\/p>\n","protected":false},"excerpt":{"rendered":"<p>Piedad Bonnett<\/p>\n<p>168 p\u00e1ginas<\/p>\n","protected":false},"featured_media":6524,"template":"","meta":{"_joinchat":[]},"product_brand":[],"product_cat":[33],"product_tag":[34],"class_list":{"0":"post-6523","1":"product","2":"type-product","3":"status-publish","4":"has-post-thumbnail","6":"product_cat-ficcion-general","7":"product_tag-penguin-random-house","9":"first","10":"instock","11":"shipping-taxable","12":"purchasable","13":"product-type-simple"},"_links":{"self":[{"href":"https:\/\/libreriahistoriasdebolsillo.com\/index.php\/wp-json\/wp\/v2\/product\/6523","targetHints":{"allow":["GET"]}}],"collection":[{"href":"https:\/\/libreriahistoriasdebolsillo.com\/index.php\/wp-json\/wp\/v2\/product"}],"about":[{"href":"https:\/\/libreriahistoriasdebolsillo.com\/index.php\/wp-json\/wp\/v2\/types\/product"}],"wp:featuredmedia":[{"embeddable":true,"href":"https:\/\/libreriahistoriasdebolsillo.com\/index.php\/wp-json\/wp\/v2\/media\/6524"}],"wp:attachment":[{"href":"https:\/\/libreriahistoriasdebolsillo.com\/index.php\/wp-json\/wp\/v2\/media?parent=6523"}],"wp:term":[{"taxonomy":"product_brand","embeddable":true,"href":"https:\/\/libreriahistoriasdebolsillo.com\/index.php\/wp-json\/wp\/v2\/product_brand?post=6523"},{"taxonomy":"product_cat","embeddable":true,"href":"https:\/\/libreriahistoriasdebolsillo.com\/index.php\/wp-json\/wp\/v2\/product_cat?post=6523"},{"taxonomy":"product_tag","embeddable":true,"href":"https:\/\/libreriahistoriasdebolsillo.com\/index.php\/wp-json\/wp\/v2\/product_tag?post=6523"}],"curies":[{"name":"wp","href":"https:\/\/api.w.org\/{rel}","templated":true}]}}