{"id":6525,"date":"2025-03-27T16:58:03","date_gmt":"2025-03-27T22:58:03","guid":{"rendered":"https:\/\/libreriahistoriasdebolsillo.com\/?post_type=product&#038;p=6525"},"modified":"2025-04-03T12:06:49","modified_gmt":"2025-04-03T18:06:49","slug":"de-pronto-oigo-la-voz-del-agua","status":"publish","type":"product","link":"https:\/\/libreriahistoriasdebolsillo.com\/index.php\/producto\/de-pronto-oigo-la-voz-del-agua\/","title":{"rendered":"De pronto oigo la voz del agua"},"content":{"rendered":"<p>Un hermano y una hermana regresan a la casa de su\u00a0<b>infancia<\/b>, al lugar de la felicidad, de los deseos y de los secretos prohibidos a punto de ser revelados. All\u00ed, los recuerdos luminosos se mezclan con los que irrumpen arrasando con todo: el tacto delicado del lino se mezcla con el tumulto que huye del ataque con gas sar\u00edn; los silencios dolorosos de la\u00a0<b>familia<\/b>\u00a0con el sonido de los insectos de monta\u00f1a. Con la maestr\u00eda casi artesanal que la caracteriza, Hiromi Kawakami vuelve a construir un mundo fr\u00e1gil y\u00a0<b>sensual<\/b>\u00a0en el que los destellos y las sombras se abrazan de manera \u00fanica. Escrita tras la\u00a0<b>tragedia del terremoto<\/b>\u00a0y el\u00a0<b>tsunami<\/b>\u00a0que asolaron\u00a0<b>Jap\u00f3n<\/b>\u00a0en\u00a0<b>2011<\/b>, esta novela encarna, con todas sus contradicciones, el deseo de vivir despu\u00e9s de la cat\u00e1strofe.<\/p>\n","protected":false},"excerpt":{"rendered":"<p>Hiromi Kawakami<\/p>\n<p>350 p\u00e1ginas<\/p>\n","protected":false},"featured_media":6526,"template":"","meta":{"_joinchat":[]},"product_brand":[],"product_cat":[33],"product_tag":[34],"class_list":{"0":"post-6525","1":"product","2":"type-product","3":"status-publish","4":"has-post-thumbnail","6":"product_cat-ficcion-general","7":"product_tag-penguin-random-house","9":"first","10":"instock","11":"shipping-taxable","12":"purchasable","13":"product-type-simple"},"_links":{"self":[{"href":"https:\/\/libreriahistoriasdebolsillo.com\/index.php\/wp-json\/wp\/v2\/product\/6525","targetHints":{"allow":["GET"]}}],"collection":[{"href":"https:\/\/libreriahistoriasdebolsillo.com\/index.php\/wp-json\/wp\/v2\/product"}],"about":[{"href":"https:\/\/libreriahistoriasdebolsillo.com\/index.php\/wp-json\/wp\/v2\/types\/product"}],"wp:featuredmedia":[{"embeddable":true,"href":"https:\/\/libreriahistoriasdebolsillo.com\/index.php\/wp-json\/wp\/v2\/media\/6526"}],"wp:attachment":[{"href":"https:\/\/libreriahistoriasdebolsillo.com\/index.php\/wp-json\/wp\/v2\/media?parent=6525"}],"wp:term":[{"taxonomy":"product_brand","embeddable":true,"href":"https:\/\/libreriahistoriasdebolsillo.com\/index.php\/wp-json\/wp\/v2\/product_brand?post=6525"},{"taxonomy":"product_cat","embeddable":true,"href":"https:\/\/libreriahistoriasdebolsillo.com\/index.php\/wp-json\/wp\/v2\/product_cat?post=6525"},{"taxonomy":"product_tag","embeddable":true,"href":"https:\/\/libreriahistoriasdebolsillo.com\/index.php\/wp-json\/wp\/v2\/product_tag?post=6525"}],"curies":[{"name":"wp","href":"https:\/\/api.w.org\/{rel}","templated":true}]}}